{"id":106926,"date":"2022-04-14T06:08:30","date_gmt":"2022-04-14T06:08:30","guid":{"rendered":"https:\/\/hephzibahsda.com\/index.php\/donar\/"},"modified":"2023-03-09T12:58:09","modified_gmt":"2023-03-09T12:58:09","slug":"hacer-un-donativo","status":"publish","type":"page","link":"https:\/\/hephzibahsda.com\/es\/index.php\/hacer-un-donativo\/","title":{"rendered":"Donar"},"content":{"rendered":"<p>[vc_row][vc_column width=\u00bb1\/1&#8243;][vc_single_image media=\u00bb107164&#8243; media_width_percent=\u00bb100&#8243; uncode_shortcode_id=\u00bb959284&#8243;][vc_column_text uncode_shortcode_id=\u00bb127502&#8243;]\u00bbPablo, en sus viajes, combinaba las <strong>misiones interiores con las exteriores<\/strong>. Ahora <strong>predica a los jud\u00edos<\/strong> en su propio lugar de culto. Ahora <strong>predica a los gentiles<\/strong>, ante su propio templo y en presencia de sus dioses. Pablo tampoco proclama a los jud\u00edos un Mes\u00edas cuya obra sea destruir la antigua dispensaci\u00f3n, sino <strong>un Mes\u00edas que vino a<\/strong> <strong>desarrollar toda la econom\u00eda jud\u00eda de acuerdo con la verdad<\/strong>.\u00bb Ellen Gould White.<\/p>\n<p>Intentamos lo mejor que podemos, con la fuerza que Dios nos da, difundir los descubrimientos b\u00edblicos. Confirman la aut\u00e9ntica verdad de Jes\u00fas y aportan esperanza y respuestas existenciales a este mundo en perdici\u00f3n. En efecto, nuestra sociedad ha olvidado, ignorado e incluso rechazado progresivamente los hitos que Dios hab\u00eda instituido para el bien de la humanidad. Seguro que se da cuenta de que estos trabajos representan horas de investigaci\u00f3n, an\u00e1lisis, redacci\u00f3n y oraciones. La verdad es inmutable, pero se descubre progresivamente. Podemos alcanzarla, cada d\u00eda un poco m\u00e1s, mediante el estudio de la vida de Jes\u00fas y de su Palabra, bajo la influencia de su Esp\u00edritu. Te animamos a que busques en las Escrituras y pidas ayuda a Dios. Os animamos a escudri\u00f1ar las Escrituras y a pedir ayuda a Dios, y agradecemos vuestro apoyo en las ofrendas. Se utilizar\u00e1n para difundir la buena nueva de Jes\u00fas y su reino de verdad, para mantener nuestra infraestructura inform\u00e1tica y para crear la aplicaci\u00f3n del calendario b\u00edblico restaurado en varios idiomas. Puede hacer un donativo por transferencia bancaria en la divisa de su elecci\u00f3n entre los IBAN que figuran a continuaci\u00f3n o con tarjeta de cr\u00e9dito a trav\u00e9s del formulario :<\/p>\n<p><strong>Divisa en euros<br \/>\n<\/strong>Titular de la cuenta: Engravethevision LLP<br \/>\nBIC : TRWIBEB1XXX<br \/>\nIBAN : BE94 9675 4006 2014<br \/>\nLa direcci\u00f3n del banco Wise:<br \/>\nAvenue Louise 54, Bureau S52<br \/>\nBruselas<br \/>\n1050<br \/>\nB\u00e9lgica<\/p>\n<p><strong>Divisa en libras esterlinas:<br \/>\n<\/strong>Titular de la cuenta: Engravethevision LLP<br \/>\nC\u00f3digo Sort: 23-14-70<br \/>\nN\u00famero de cuenta: 52284595<br \/>\nIBAN : GB95 TRWI 2314 7052 2845 95<br \/>\nLa direcci\u00f3n del banco Wise:<br \/>\n56 Shoreditch High Street<br \/>\nLondres E1 6JJ<br \/>\nReino Unido<\/p>\n<p><strong>Divisa en d\u00f3lares canadienses<br \/>\n<\/strong>Titular de la cuenta: Engravethevision LLP<br \/>\nN\u00famero de la instituci\u00f3n: 621<br \/>\nN\u00famero de cuenta: 200110221742<br \/>\nN\u00famero de tr\u00e1nsito: 16001<br \/>\nLa direcci\u00f3n del banco Wise:<br \/>\n99 Bank Street, Suite 1420<br \/>\nOttawa ON K1P 1H4<br \/>\nCanad\u00e1<\/p>\n<p><strong>Divisa en d\u00f3lares estadounidenses:<br \/>\n<\/strong>Titular de la cuenta: Engravethevision LLP<br \/>\nN\u00famero de transferencia bancaria y ACH: 084009519<br \/>\nN\u00famero de cuenta: 9600002858497333<br \/>\nTipo de cuenta: Cuenta corriente<br \/>\nLa direcci\u00f3n del banco Wise :<br \/>\n30 W. 26th Street, Sexta<br \/>\nSuelo<br \/>\nNueva York NY 10010<br \/>\nEstados Unidos<\/p>\n<p>Su apoyo ser\u00e1 muy apreciado. Gracias por su confianza. Shalom.\u2764<\/p>\n<p>[wpforms id=\u00bb104013&#8243;][\/vc_column_text][\/vc_column][\/vc_row]<\/p>\n","protected":false},"excerpt":{"rendered":"<p>[vc_row][vc_column width=\u00bb1\/1&#8243;][vc_single_image media=\u00bb107164&#8243; media_width_percent=\u00bb100&#8243; uncode_shortcode_id=\u00bb959284&#8243;][vc_column_text uncode_shortcode_id=\u00bb127502&#8243;]\u00bbPablo, en sus viajes, combinaba las misiones interiores con las exteriores. Ahora predica a los [&hellip;]<\/p>\n","protected":false},"author":1,"featured_media":0,"parent":0,"menu_order":0,"comment_status":"closed","ping_status":"closed","template":"","meta":{"give_campaign_id":0,"_surecart_dashboard_logo_width":"180px","_surecart_dashboard_show_logo":true,"_surecart_dashboard_navigation_orders":true,"_surecart_dashboard_navigation_invoices":true,"_surecart_dashboard_navigation_subscriptions":true,"_surecart_dashboard_navigation_downloads":true,"_surecart_dashboard_navigation_billing":true,"_surecart_dashboard_navigation_account":true,"footnotes":""},"class_list":["post-106926","page","type-page","status-publish","hentry","page_category-blog-es","page_category-pagina-de-inicio","page_category-tienda"],"campaignId":"","_links":{"self":[{"href":"https:\/\/hephzibahsda.com\/es\/index.php\/wp-json\/wp\/v2\/pages\/106926","targetHints":{"allow":["GET"]}}],"collection":[{"href":"https:\/\/hephzibahsda.com\/es\/index.php\/wp-json\/wp\/v2\/pages"}],"about":[{"href":"https:\/\/hephzibahsda.com\/es\/index.php\/wp-json\/wp\/v2\/types\/page"}],"author":[{"embeddable":true,"href":"https:\/\/hephzibahsda.com\/es\/index.php\/wp-json\/wp\/v2\/users\/1"}],"replies":[{"embeddable":true,"href":"https:\/\/hephzibahsda.com\/es\/index.php\/wp-json\/wp\/v2\/comments?post=106926"}],"version-history":[{"count":3,"href":"https:\/\/hephzibahsda.com\/es\/index.php\/wp-json\/wp\/v2\/pages\/106926\/revisions"}],"predecessor-version":[{"id":108520,"href":"https:\/\/hephzibahsda.com\/es\/index.php\/wp-json\/wp\/v2\/pages\/106926\/revisions\/108520"}],"wp:attachment":[{"href":"https:\/\/hephzibahsda.com\/es\/index.php\/wp-json\/wp\/v2\/media?parent=106926"}],"curies":[{"name":"wp","href":"https:\/\/api.w.org\/{rel}","templated":true}]}}