{"id":106993,"date":"2022-04-07T14:43:35","date_gmt":"2022-04-07T14:43:35","guid":{"rendered":"https:\/\/hephzibahsda.com\/index.php\/politica-de-privacidad\/"},"modified":"2022-04-07T14:43:35","modified_gmt":"2022-04-07T14:43:35","slug":"politica-de-privacidad","status":"publish","type":"page","link":"https:\/\/hephzibahsda.com\/es\/index.php\/politica-de-privacidad\/","title":{"rendered":"Pol\u00edtica de privacidad"},"content":{"rendered":"<p>Esta pol\u00edtica de privacidad describe c\u00f3mo se recoge, utiliza y comparte su informaci\u00f3n personal cuando visita o realiza una compra en hephzibahsda.com.<\/p>\n<p><strong>INFORMACI\u00d3N PERSONAL QUE RECOPILAMOS<\/strong><br \/>\nCuando usted visita el Sitio, recopilamos autom\u00e1ticamente cierta informaci\u00f3n sobre su dispositivo, incluyendo informaci\u00f3n sobre su navegador web, direcci\u00f3n IP, zona horaria y algunas de las cookies que est\u00e1n instaladas en su dispositivo. Adem\u00e1s, mientras navega por el sitio, recopilamos informaci\u00f3n sobre las p\u00e1ginas web individuales o los productos que ve, qu\u00e9 sitios web o t\u00e9rminos de b\u00fasqueda le han remitido al sitio e informaci\u00f3n sobre c\u00f3mo interact\u00faa con el sitio. Nos referimos a esta informaci\u00f3n recopilada autom\u00e1ticamente como \u00abInformaci\u00f3n del dispositivo\u00bb.<\/p>\n<p>Recogemos la informaci\u00f3n del dispositivo utilizando las siguientes tecnolog\u00edas:<br \/>\n&#8211; Las \u00abcookies\u00bb son archivos de datos que se colocan en su dispositivo u ordenador y suelen incluir un identificador \u00fanico an\u00f3nimo. Para obtener m\u00e1s informaci\u00f3n sobre las cookies y c\u00f3mo desactivarlas, visite http:\/\/www.allaboutcookies.org.<br \/>\n&#8211; Los \u00abarchivos de registro\u00bb hacen un seguimiento de las acciones que se producen en el Sitio, y recogen datos como su direcci\u00f3n IP, el tipo de navegador, el proveedor de servicios de Internet, las p\u00e1ginas de referencia\/salida y las marcas de fecha\/hora.<br \/>\n&#8211; Las \u00abbalizas web\u00bb, \u00abetiquetas\u00bb y \u00abp\u00edxeles\u00bb son archivos electr\u00f3nicos que se utilizan para registrar informaci\u00f3n sobre c\u00f3mo se navega por el Sitio.<\/p>\n<p>Adem\u00e1s, cuando usted realiza una compra o intenta realizarla a trav\u00e9s del Sitio, recopilamos cierta informaci\u00f3n sobre usted, como su nombre, direcci\u00f3n de facturaci\u00f3n, direcci\u00f3n de env\u00edo, informaci\u00f3n de pago (incluidos los n\u00fameros de las tarjetas de cr\u00e9dito), direcci\u00f3n de correo electr\u00f3nico y n\u00famero de tel\u00e9fono. Nos referimos a esta informaci\u00f3n como \u00abInformaci\u00f3n del pedido\u00bb.<\/p>\n<p>Cuando hablamos de \u00abInformaci\u00f3n Personal\u00bb en esta Pol\u00edtica de Privacidad, nos referimos tanto a la Informaci\u00f3n del Dispositivo como a la Informaci\u00f3n del Pedido.<\/p>\n<p><strong>\u00bfC\u00d3MO UTILIZAMOS SU INFORMACI\u00d3N PERSONAL?<\/strong><br \/>\nUtilizamos la informaci\u00f3n de los pedidos que recopilamos generalmente para cumplir con los pedidos realizados a trav\u00e9s del Sitio (incluyendo el procesamiento de su informaci\u00f3n de pago, la organizaci\u00f3n del env\u00edo y el suministro de facturas y\/o confirmaciones de pedidos). Adem\u00e1s, utilizamos esta informaci\u00f3n del pedido para:<br \/>\n&#8211; Comunicarse con usted;<br \/>\n&#8211; Examinar nuestros pedidos para detectar posibles riesgos o fraudes; y<br \/>\n&#8211; Cuando se ajusten a las preferencias que usted haya compartido con nosotros, proporcionarle informaci\u00f3n o publicidad relacionada con nuestros productos o servicios.<\/p>\n<p>Utilizamos la informaci\u00f3n sobre dispositivos que recopilamos para ayudarnos a detectar posibles riesgos y fraudes (en particular, su direcci\u00f3n IP) y, de forma m\u00e1s general, para mejorar y optimizar nuestro sitio (por ejemplo, generando an\u00e1lisis sobre c\u00f3mo nuestros clientes navegan e interact\u00faan con el sitio, y para evaluar el \u00e9xito de nuestras campa\u00f1as de marketing y publicidad).<\/p>\n<p><strong>COMPARTIR SU INFORMACI\u00d3N PERSONAL<\/strong><br \/>\nCompartimos sus datos personales con terceros para que nos ayuden a utilizarlos, tal y como se ha descrito anteriormente. Tambi\u00e9n utilizamos Google Analytics para ayudarnos a entender c\u00f3mo nuestros clientes utilizan el Sitio &#8211; puede leer m\u00e1s sobre c\u00f3mo Google utiliza su informaci\u00f3n personal aqu\u00ed: https:\/\/www.google.com\/intl\/en\/policies\/privacy\/. Tambi\u00e9n puede excluirse de Google Analytics aqu\u00ed: https:\/\/tools.google.com\/dlpage\/gaoptout.<\/p>\n<p>Por \u00faltimo, tambi\u00e9n podemos compartir su informaci\u00f3n personal para cumplir con las leyes y reglamentos aplicables, para responder a una citaci\u00f3n, orden de registro u otra solicitud legal de informaci\u00f3n que recibimos, o para proteger nuestros derechos de otra manera.<\/p>\n<p><strong>PUBLICIDAD COMPORTAMENTAL<\/strong><br \/>\nTal y como se ha descrito anteriormente, utilizamos sus datos personales para ofrecerle anuncios o comunicaciones de marketing espec\u00edficas que creemos que pueden ser de su inter\u00e9s. Para obtener m\u00e1s informaci\u00f3n sobre el funcionamiento de la publicidad dirigida, puede visitar la p\u00e1gina educativa de la Network Advertising Initiative (\u00abNAI\u00bb) en http:\/\/www.networkadvertising.org\/understanding-online-advertising\/how-does-it-work.<\/p>\n<p>Puede excluirse de la publicidad dirigida utilizando los siguientes enlaces:<br \/>\n&#8211; Facebook: https:\/\/www.facebook.com\/settings\/?tab=ads<br \/>\n&#8211; Google: https:\/\/www.google.com\/settings\/ads\/anonymous<br \/>\n&#8211; Bing: https:\/\/advertise.bingads.microsoft.com\/en-us\/resources\/policies\/personalized-ads<br \/>\nAdem\u00e1s, puede excluirse de algunos de estos servicios visitando el portal de exclusi\u00f3n de la Digital Advertising Alliance en: http:\/\/optout.aboutads.info\/.<\/p>\n<p><strong>NO RASTREAR<\/strong><br \/>\nTenga en cuenta que no alteramos las pr\u00e1cticas de recopilaci\u00f3n y uso de datos de nuestro sitio cuando vemos una se\u00f1al de \u00abNo rastrear\u00bb de su navegador.<\/p>\n<p><strong>SUS DERECHOS<\/strong><br \/>\nSi usted es residente europeo, tiene derecho a acceder a la informaci\u00f3n personal que tenemos sobre usted y a pedir que se corrija, actualice o elimine su informaci\u00f3n personal. Si desea ejercer este derecho, p\u00f3ngase en contacto con nosotros a trav\u00e9s de la informaci\u00f3n de contacto que figura a continuaci\u00f3n.<\/p>\n<p>Adem\u00e1s, si usted es un residente europeo, se\u00f1alamos que estamos procesando su informaci\u00f3n con el fin de cumplir con los contratos que podr\u00edamos tener con usted (por ejemplo, si usted hace un pedido a trav\u00e9s del Sitio), o de otra manera para perseguir nuestros intereses comerciales leg\u00edtimos enumerados anteriormente. Adem\u00e1s, tenga en cuenta que su informaci\u00f3n ser\u00e1 transferida fuera de Europa, incluso a Canad\u00e1 y Estados Unidos.<\/p>\n<p><strong>CONSERVACI\u00d3N DE DATOS<\/strong><br \/>\nCuando realice un pedido a trav\u00e9s del Sitio, mantendremos la informaci\u00f3n de su pedido en nuestros registros, a menos que nos pida que la eliminemos.<\/p>\n<p><strong>CAMBIOS<\/strong><br \/>\nPodemos actualizar esta pol\u00edtica de privacidad de vez en cuando para reflejar, por ejemplo, los cambios en nuestras pr\u00e1cticas o por otras razones operativas, legales o reglamentarias.<\/p>\n<p><strong>MENORES<\/strong><br \/>\nQueremos minimizar estos riesgos. Por eso pedimos, si eres menor de 16 a\u00f1os, que tus padres respondan a los anuncios que te interesan. Adem\u00e1s, si quieres publicar un anuncio, te pedimos que tus padres lo hagan por ti para que participen directamente en la transacci\u00f3n.<\/p>\n<p><strong>CONTACTAR CON NOSOTROS<\/strong><br \/>\nPara obtener m\u00e1s informaci\u00f3n sobre nuestras pr\u00e1cticas de privacidad, si tiene preguntas o si desea presentar una queja, p\u00f3ngase en contacto con nosotros por correo electr\u00f3nico en <a href=\"https:\/\/hephzibahsda.com\/#contact\">https:\/\/hephzibahsda.com\/#contact<\/a><\/p>\n","protected":false},"excerpt":{"rendered":"<p>Esta pol\u00edtica de privacidad describe c\u00f3mo se recoge, utiliza y comparte su informaci\u00f3n personal cuando visita o realiza una compra [&hellip;]<\/p>\n","protected":false},"author":1,"featured_media":0,"parent":0,"menu_order":0,"comment_status":"closed","ping_status":"closed","template":"","meta":{"give_campaign_id":0,"_surecart_dashboard_logo_width":"180px","_surecart_dashboard_show_logo":true,"_surecart_dashboard_navigation_orders":true,"_surecart_dashboard_navigation_invoices":true,"_surecart_dashboard_navigation_subscriptions":true,"_surecart_dashboard_navigation_downloads":true,"_surecart_dashboard_navigation_billing":true,"_surecart_dashboard_navigation_account":true,"footnotes":""},"class_list":["post-106993","page","type-page","status-publish","hentry"],"campaignId":"","_links":{"self":[{"href":"https:\/\/hephzibahsda.com\/es\/index.php\/wp-json\/wp\/v2\/pages\/106993","targetHints":{"allow":["GET"]}}],"collection":[{"href":"https:\/\/hephzibahsda.com\/es\/index.php\/wp-json\/wp\/v2\/pages"}],"about":[{"href":"https:\/\/hephzibahsda.com\/es\/index.php\/wp-json\/wp\/v2\/types\/page"}],"author":[{"embeddable":true,"href":"https:\/\/hephzibahsda.com\/es\/index.php\/wp-json\/wp\/v2\/users\/1"}],"replies":[{"embeddable":true,"href":"https:\/\/hephzibahsda.com\/es\/index.php\/wp-json\/wp\/v2\/comments?post=106993"}],"version-history":[{"count":0,"href":"https:\/\/hephzibahsda.com\/es\/index.php\/wp-json\/wp\/v2\/pages\/106993\/revisions"}],"wp:attachment":[{"href":"https:\/\/hephzibahsda.com\/es\/index.php\/wp-json\/wp\/v2\/media?parent=106993"}],"curies":[{"name":"wp","href":"https:\/\/api.w.org\/{rel}","templated":true}]}}