{"id":105813,"date":"2022-04-07T00:06:34","date_gmt":"2022-04-07T00:06:34","guid":{"rendered":"https:\/\/hephzibahsda.com\/index.php\/soumettre-une-demande-de-priere\/"},"modified":"2022-07-10T02:10:36","modified_gmt":"2022-07-10T02:10:36","slug":"soumettre-une-demande-de-priere","status":"publish","type":"page","link":"https:\/\/hephzibahsda.com\/fr\/index.php\/soumettre-une-demande-de-priere\/","title":{"rendered":"Soumettre une demande de pri\u00e8re"},"content":{"rendered":"<p>[vc_row][vc_column width=\u00a0\u00bb1\/1&Prime;][vc_column_text]<\/p>\n<div id=\"sp-page\" class=\"spBgcover sp-content-1\" style=\"background-color: #ffffff; font-family: Inter, sans-serif; font-weight: 400; text-align: center;\">\n<section id=\"sp-r703ln\" class=\"sp-el-section \" style=\"width: 100%; max-width: 100%; padding: 10px;\" data-mobile-visibility=\"#sp-r703ln|false\" data-desktop-visibility=\"#sp-r703ln|false\">\n<div id=\"sp-ztqo9u\" class=\"sp-el-row sm:sp-flex sp-w-full sp-m-auto sp-justify-between\" style=\"padding: 0px; width: auto; max-width: 1000px;\" data-mobile-visibility=\"#sp-ztqo9u|false\" data-desktop-visibility=\"#sp-ztqo9u|false\">\n<div id=\"sp-evcxt8\" class=\"sp-el-col sp-w-full\" style=\"width: calc(100% - 0px);\" data-mobile-visibility=\"#sp-evcxt8|false\" data-desktop-visibility=\"#sp-evcxt8|false\">\n<figure id=\"sp-zbwp6z\" class=\"sp-image-wrapper sp-el-block\" style=\"margin: 0px; text-align: center;\"><img decoding=\"async\" class=\"sp-image-block-zbwp6z\" style=\"width: 120px;\" src=\"\/\/hephzibahsda.com\/wp-content\/uploads\/2022\/04\/png2.png\" srcset=\" \/\/hephzibahsda.com\/wp-content\/uploads\/2022\/04\/png2-150x150.png 150w, \/\/hephzibahsda.com\/wp-content\/uploads\/2022\/04\/png2-300x172.png 300w, \/\/hephzibahsda.com\/wp-content\/uploads\/2022\/04\/png2.png 472w\" alt=\"\" data-mobile-visibility=\".sp-image-block-zbwp6z|false\" data-desktop-visibility=\".sp-image-block-zbwp6z|false\" \/><\/figure>\n<div id=\"sp-v6saw7\" class=\"sp-el-block sp-shortcode-block-v6saw7 sp-shortcode-wrapper\" style=\"margin: 0px;\" data-mobile-visibility=\".sp-shortcode-block-v6saw7|false\" data-desktop-visibility=\".sp-shortcode-block-v6saw7|false\">\n<p><img decoding=\"async\" class=\"aligncenter wp-image-106338 size-large\" src=\"http:\/\/hephzibahsda.com\/wp-content\/uploads\/2022\/06\/priere-1024x683.jpeg\" alt=\"\" width=\"840\" height=\"560\" srcset=\"https:\/\/hephzibahsda.com\/wp-content\/uploads\/2022\/06\/priere-1024x683.jpeg 1024w, https:\/\/hephzibahsda.com\/wp-content\/uploads\/2022\/06\/priere-600x400.jpeg 600w, https:\/\/hephzibahsda.com\/wp-content\/uploads\/2022\/06\/priere-300x200.jpeg 300w, https:\/\/hephzibahsda.com\/wp-content\/uploads\/2022\/06\/priere-768x512.jpeg 768w, https:\/\/hephzibahsda.com\/wp-content\/uploads\/2022\/06\/priere-391x260.jpeg 391w, https:\/\/hephzibahsda.com\/wp-content\/uploads\/2022\/06\/priere-1536x1025.jpeg 1536w, https:\/\/hephzibahsda.com\/wp-content\/uploads\/2022\/06\/priere.jpeg 1920w\" sizes=\"(max-width: 840px) 100vw, 840px\" \/><br \/>\nHephzibahSDA vous invite \u00e0 prier sp\u00e9cialement et r\u00e9guli\u00e8rement pour les trois requ\u00eates suivantes :<\/p>\n<p>I. Pour que Dieu scelle ses enfants par son Esprit et leur donne les moyens d&rsquo;annoncer la bonne nouvelle de J\u00e9sus en plusieurs langues maternelles et divers talents comme les disciples au jour de la Pentec\u00f4te. (Actes 2:1-21)<\/p>\n<p>II. Pour que Dieu suscite une profonde repentance de la maison d&rsquo;\u00c9phra\u00efm et de Juda dispers\u00e9es parmi les nations; et pour h\u00e2ter leur rassemblement conform\u00e9ment aux proph\u00e9ties bibliques. (J\u00e9r\u00e9mie 31:3-13, \u00c9z\u00e9chiel 37:15-23)<\/p>\n<p>III. Pour que Dieu suscite le r\u00e9veil et la r\u00e9forme de son \u00e9glise pour annoncer la bonne nouvelle du royaume fond\u00e9 sur ses principes d&rsquo;amour et de justice (sa loi morale) afin de servir de t\u00e9moignage \u00e0 toutes les nations. (Jean 14.15, Marc 1:15)<\/p>\n<p><strong>Si vous ressentez le besoin, vous pouvez nous partager d&rsquo;autres sujets de pri\u00e8re via ce formulaire.<\/strong><\/p>\n<\/div>\n<h1>Soumettre une requ\u00eate de pri\u00e8re<\/h1>\n<div id=\"sp-v6saw7\" class=\"sp-el-block sp-shortcode-block-v6saw7 sp-shortcode-wrapper\" style=\"margin: 0px;\" data-mobile-visibility=\".sp-shortcode-block-v6saw7|false\" data-desktop-visibility=\".sp-shortcode-block-v6saw7|false\">\n<div class=\"\"><img decoding=\"async\" class=\"wp-image-106347 size-large aligncenter\" src=\"http:\/\/hephzibahsda.com\/wp-content\/uploads\/2022\/06\/priere2-1-1024x683.jpeg\" alt=\"\" width=\"840\" height=\"560\" srcset=\"https:\/\/hephzibahsda.com\/wp-content\/uploads\/2022\/06\/priere2-1-1024x683.jpeg 1024w, https:\/\/hephzibahsda.com\/wp-content\/uploads\/2022\/06\/priere2-1-600x400.jpeg 600w, https:\/\/hephzibahsda.com\/wp-content\/uploads\/2022\/06\/priere2-1-300x200.jpeg 300w, https:\/\/hephzibahsda.com\/wp-content\/uploads\/2022\/06\/priere2-1-768x512.jpeg 768w, https:\/\/hephzibahsda.com\/wp-content\/uploads\/2022\/06\/priere2-1-391x260.jpeg 391w, https:\/\/hephzibahsda.com\/wp-content\/uploads\/2022\/06\/priere2-1-1536x1025.jpeg 1536w, https:\/\/hephzibahsda.com\/wp-content\/uploads\/2022\/06\/priere2-1.jpeg 1920w\" sizes=\"(max-width: 840px) 100vw, 840px\" \/><\/div>\n<div class=\"\">[\/vc_column_text][\/vc_column][\/vc_row][wpforms id=\u00a0\u00bb103801&Prime; title=\u00a0\u00bbfaux\u00a0\u00bb description=\u00a0\u00bbfalse\u00a0\u00bb][vc_row][vc_column width=\u00a0\u00bb1\/1&Prime;][vc_column_text]<\/div>\n<\/div>\n<div id=\"sp-pmbipr\" class=\"sp-spacer\" style=\"height: 32px;\"><\/div>\n<div class=\"sp-button-wrapper sp-el-block\" style=\"margin: 0px; text-align: center;\"><a id=\"sp-g0s21p\" class=\"sp-button sp-css-target sp-text-center sp-inline-block sp-leading-none sp-button-g0s21p\" style=\"font-size: 19px; background: #cccccc; color: #000000; width: auto; padding: 16px 30px; border-radius: 100px;\" href=\"https:\/\/hephzibahsda.com\/fr\/\" target=\"\" rel=\"noopener\" data-mobile-css=\"\" data-mobile-visibility=\".sp-button-g0s21p|false\" data-desktop-visibility=\".sp-button-g0s21p|false\"><i class=\"sp-mr-2 fas fa-long-arrow-alt-left\"><\/i><span id=\"g0s21p\" class=\"mce-content-body html4-captions\" style=\"position: relative;\">Retour \u00e0 l&rsquo;accueil<\/span><\/a><\/div>\n<div id=\"sp-t8hf8l\" class=\"sp-spacer\" style=\"height: 60px;\"><\/div>\n<\/div>\n<\/div>\n<\/section>\n<\/div>\n<p style=\"text-align: center;\">[\/vc_column_text][\/vc_column][\/vc_row]<\/p>\n","protected":false},"excerpt":{"rendered":"<p>[vc_row][vc_column width=\u00a0\u00bb1\/1&Prime;][vc_column_text] HephzibahSDA vous invite \u00e0 prier sp\u00e9cialement et r\u00e9guli\u00e8rement pour les trois requ\u00eates suivantes : I. Pour que Dieu [&hellip;]<\/p>\n","protected":false},"author":1,"featured_media":106392,"parent":0,"menu_order":0,"comment_status":"closed","ping_status":"closed","template":"","meta":{"give_campaign_id":0,"_surecart_dashboard_logo_width":"180px","_surecart_dashboard_show_logo":true,"_surecart_dashboard_navigation_orders":true,"_surecart_dashboard_navigation_invoices":true,"_surecart_dashboard_navigation_subscriptions":true,"_surecart_dashboard_navigation_downloads":true,"_surecart_dashboard_navigation_billing":true,"_surecart_dashboard_navigation_account":true,"footnotes":""},"class_list":["post-105813","page","type-page","status-publish","has-post-thumbnail","hentry"],"campaignId":"","_links":{"self":[{"href":"https:\/\/hephzibahsda.com\/fr\/index.php\/wp-json\/wp\/v2\/pages\/105813","targetHints":{"allow":["GET"]}}],"collection":[{"href":"https:\/\/hephzibahsda.com\/fr\/index.php\/wp-json\/wp\/v2\/pages"}],"about":[{"href":"https:\/\/hephzibahsda.com\/fr\/index.php\/wp-json\/wp\/v2\/types\/page"}],"author":[{"embeddable":true,"href":"https:\/\/hephzibahsda.com\/fr\/index.php\/wp-json\/wp\/v2\/users\/1"}],"replies":[{"embeddable":true,"href":"https:\/\/hephzibahsda.com\/fr\/index.php\/wp-json\/wp\/v2\/comments?post=105813"}],"version-history":[{"count":26,"href":"https:\/\/hephzibahsda.com\/fr\/index.php\/wp-json\/wp\/v2\/pages\/105813\/revisions"}],"predecessor-version":[{"id":105817,"href":"https:\/\/hephzibahsda.com\/fr\/index.php\/wp-json\/wp\/v2\/pages\/105813\/revisions\/105817"}],"wp:featuredmedia":[{"embeddable":true,"href":"https:\/\/hephzibahsda.com\/fr\/index.php\/wp-json\/wp\/v2\/media\/106392"}],"wp:attachment":[{"href":"https:\/\/hephzibahsda.com\/fr\/index.php\/wp-json\/wp\/v2\/media?parent=105813"}],"curies":[{"name":"wp","href":"https:\/\/api.w.org\/{rel}","templated":true}]}}