{"id":106990,"date":"2022-04-07T14:43:35","date_gmt":"2022-04-07T14:43:35","guid":{"rendered":"https:\/\/hephzibahsda.com\/index.php\/politique-de-confidentialite\/"},"modified":"2022-04-07T14:43:35","modified_gmt":"2022-04-07T14:43:35","slug":"politique-de-confidentialite","status":"publish","type":"page","link":"https:\/\/hephzibahsda.com\/fr\/index.php\/politique-de-confidentialite\/","title":{"rendered":"Politique de confidentialit\u00e9"},"content":{"rendered":"<p>Cette politique de confidentialit\u00e9 d\u00e9crit comment vos informations personnelles sont collect\u00e9es, utilis\u00e9es et partag\u00e9es lorsque vous visitez ou faites un achat sur hephzibahsda.com.<\/p>\n<p><strong>INFORMATIONS PERSONNELLES QUE NOUS RECUEILLONS<\/strong><br \/>\nLorsque vous visitez le Site, nous recueillons automatiquement certaines informations sur votre appareil, notamment des informations sur votre navigateur web, votre adresse IP, votre fuseau horaire et certains des cookies install\u00e9s sur votre appareil. En outre, lorsque vous naviguez sur le site, nous recueillons des informations sur les pages Web ou les produits que vous consultez, sur les sites Web ou les termes de recherche qui vous ont amen\u00e9 sur le site et sur la mani\u00e8re dont vous interagissez avec le site. Nous d\u00e9signons ces informations collect\u00e9es automatiquement par le terme \u00a0\u00bb informations sur les dispositifs \u00ab\u00a0.<\/p>\n<p>Nous recueillons des informations sur les appareils \u00e0 l&rsquo;aide des technologies suivantes :<br \/>\n&#8211; \u00ab\u00a0Les cookies\u00a0\u00bb sont des fichiers de donn\u00e9es qui sont plac\u00e9s sur votre appareil ou votre ordinateur et qui comprennent souvent un identifiant unique anonyme. Pour plus d&rsquo;informations sur les cookies et sur la mani\u00e8re de les d\u00e9sactiver, visitez http:\/\/www.allaboutcookies.org.<br \/>\n&#8211; Les \u00ab\u00a0fichiers journaux\u00a0\u00bb suivent les actions qui se produisent sur le site et collectent des donn\u00e9es, notamment votre adresse IP, votre type de navigateur, votre fournisseur d&rsquo;acc\u00e8s \u00e0 Internet, les pages de renvoi\/de sortie et les horodatages.<br \/>\n&#8211; Les \u00ab\u00a0balises web\u00a0\u00bb, \u00ab\u00a0tags\u00a0\u00bb et \u00ab\u00a0pixels\u00a0\u00bb sont des fichiers \u00e9lectroniques utilis\u00e9s pour enregistrer des informations sur la fa\u00e7on dont vous naviguez sur le site.<\/p>\n<p>En outre, lorsque vous effectuez ou tentez d&rsquo;effectuer un achat sur le site, nous recueillons certaines informations vous concernant, notamment votre nom, votre adresse de facturation, votre adresse de livraison, les informations relatives au paiement (y compris les num\u00e9ros de carte de cr\u00e9dit), votre adresse \u00e9lectronique et votre num\u00e9ro de t\u00e9l\u00e9phone. Nous appelons ces informations \u00ab\u00a0informations sur la commande\u00a0\u00bb.<\/p>\n<p>Lorsque nous parlons de \u00a0\u00bb renseignements personnels \u00a0\u00bb dans la pr\u00e9sente politique de confidentialit\u00e9, nous parlons \u00e0 la fois des renseignements sur les appareils et des renseignements sur les commandes.<\/p>\n<p><strong>COMMENT UTILISONS-NOUS VOS INFORMATIONS PERSONNELLES ?<\/strong><br \/>\nNous utilisons les informations relatives aux commandes que nous recueillons g\u00e9n\u00e9ralement pour ex\u00e9cuter les commandes pass\u00e9es par le biais du site (y compris le traitement de vos informations de paiement, l&rsquo;organisation de l&rsquo;exp\u00e9dition et l&rsquo;envoi de factures et\/ou de confirmations de commande). En outre, nous utilisons ces informations de commande pour :<br \/>\n&#8211; Communiquer avec vous ;<br \/>\n&#8211; Examiner nos commandes pour d\u00e9tecter tout risque ou toute fraude potentiels ; et<br \/>\n&#8211; Dans le respect des pr\u00e9f\u00e9rences que vous avez partag\u00e9es avec nous, vous fournir des informations ou des publicit\u00e9s relatives \u00e0 nos produits ou services.<\/p>\n<p>Nous utilisons les informations sur les appareils que nous recueillons pour nous aider \u00e0 d\u00e9tecter les risques et les fraudes potentiels (en particulier, votre adresse IP) et, plus g\u00e9n\u00e9ralement, pour am\u00e9liorer et optimiser notre site (par exemple, en g\u00e9n\u00e9rant des analyses sur la fa\u00e7on dont nos clients naviguent et interagissent avec le site, et pour \u00e9valuer le succ\u00e8s de nos campagnes de marketing et de publicit\u00e9).<\/p>\n<p><strong>PARTAGE DE VOS INFORMATIONS PERSONNELLES<\/strong><br \/>\nNous partageons vos informations personnelles avec des tiers pour nous aider \u00e0 utiliser vos informations personnelles, comme d\u00e9crit ci-dessus. Nous utilisons \u00e9galement Google Analytics pour nous aider \u00e0 comprendre comment nos clients utilisent le site. Pour en savoir plus sur la mani\u00e8re dont Google utilise vos informations personnelles, cliquez ici : https:\/\/www.google.com\/intl\/en\/policies\/privacy\/. Vous pouvez \u00e9galement d\u00e9sactiver Google Analytics \u00e0 l&rsquo;adresse suivante : https:\/\/tools.google.com\/dlpage\/gaoptout.<\/p>\n<p>Enfin, nous pouvons \u00e9galement partager vos informations personnelles pour nous conformer aux lois et r\u00e9glementations applicables, pour r\u00e9pondre \u00e0 une assignation, un mandat de perquisition ou toute autre demande l\u00e9gale d&rsquo;informations que nous recevons, ou pour prot\u00e9ger nos droits de toute autre mani\u00e8re.<\/p>\n<p><strong>LA PUBLICIT\u00c9 COMPORTEMENTALE<\/strong><br \/>\nComme d\u00e9crit ci-dessus, nous utilisons vos informations personnelles pour vous fournir des publicit\u00e9s cibl\u00e9es ou des communications marketing qui, selon nous, pourraient vous int\u00e9resser. Pour plus d&rsquo;informations sur le fonctionnement de la publicit\u00e9 cibl\u00e9e, vous pouvez consulter la page \u00e9ducative de la Network Advertising Initiative (\u00ab\u00a0NAI\u00a0\u00bb) \u00e0 l&rsquo;adresse http:\/\/www.networkadvertising.org\/understanding-online-advertising\/how-does-it-work.<\/p>\n<p>Vous pouvez refuser la publicit\u00e9 cibl\u00e9e en utilisant les liens ci-dessous :<br \/>\n&#8211; Facebook : https:\/\/www.facebook.com\/settings\/?tab=ads<br \/>\n&#8211; Google : https:\/\/www.google.com\/settings\/ads\/anonymous<br \/>\n&#8211; Bing : https:\/\/advertise.bingads.microsoft.com\/en-us\/resources\/policies\/personalized-ads<br \/>\nEn outre, vous pouvez refuser certains de ces services en visitant le portail d&rsquo;exclusion de la Digital Advertising Alliance \u00e0 l&rsquo;adresse suivante : http:\/\/optout.aboutads.info\/.<\/p>\n<p><strong>NE PAS SUIVRE<\/strong><br \/>\nVeuillez noter que nous ne modifions pas les pratiques de collecte et d&rsquo;utilisation des donn\u00e9es de notre site lorsque nous voyons un signal \u00ab\u00a0Do Not Track\u00a0\u00bb de votre navigateur.<\/p>\n<p><strong>VOS DROITS<\/strong><br \/>\nSi vous \u00eates un r\u00e9sident europ\u00e9en, vous avez le droit d&rsquo;acc\u00e9der aux informations personnelles que nous d\u00e9tenons \u00e0 votre sujet et de demander que vos informations personnelles soient corrig\u00e9es, mises \u00e0 jour ou supprim\u00e9es. Si vous souhaitez exercer ce droit, veuillez nous contacter en utilisant les coordonn\u00e9es ci-dessous.<\/p>\n<p>En outre, si vous \u00eates un r\u00e9sident europ\u00e9en, nous notons que nous traitons vos informations afin d&rsquo;ex\u00e9cuter les contrats que nous pourrions avoir avec vous (par exemple si vous passez une commande par le biais du site), ou pour poursuivre nos int\u00e9r\u00eats commerciaux l\u00e9gitimes \u00e9num\u00e9r\u00e9s ci-dessus. En outre, veuillez noter que vos informations seront transf\u00e9r\u00e9es en dehors de l&rsquo;Europe, notamment au Canada et aux \u00c9tats-Unis.<\/p>\n<p><strong>CONSERVATION DES DONN\u00c9ES<\/strong><br \/>\nLorsque vous passez une commande par l&rsquo;interm\u00e9diaire du site, nous conservons les informations relatives \u00e0 votre commande dans nos dossiers, sauf si vous nous demandez de supprimer ces informations.<\/p>\n<p><strong>CHANGEMENTS<\/strong><br \/>\nNous pouvons \u00eatre amen\u00e9s \u00e0 mettre \u00e0 jour cette politique de confidentialit\u00e9 de temps \u00e0 autre afin de refl\u00e9ter, par exemple, des changements dans nos pratiques ou pour d&rsquo;autres raisons op\u00e9rationnelles, l\u00e9gales ou r\u00e9glementaires.<\/p>\n<p><strong>MINORS<\/strong><br \/>\nNous voulons minimiser ces risques. C&rsquo;est pourquoi nous demandons, si vous avez moins de 16 ans, que vos parents r\u00e9pondent aux publicit\u00e9s qui vous int\u00e9ressent. En outre, si vous souhaitez publier une annonce, nous demandons \u00e0 vos parents de le faire pour vous afin qu&rsquo;ils soient directement impliqu\u00e9s dans la transaction.<\/p>\n<p><strong>CONTACTEZ-NOUS<\/strong><br \/>\nPour plus d&rsquo;informations sur nos pratiques en mati\u00e8re de confidentialit\u00e9, si vous avez des questions ou si vous souhaitez d\u00e9poser une plainte, veuillez nous contacter par courrier \u00e9lectronique \u00e0 l&rsquo;adresse <a href=\"https:\/\/hephzibahsda.com\/#contact\">https:\/\/hephzibahsda.com\/#contact<\/a>.<\/p>\n","protected":false},"excerpt":{"rendered":"<p>Cette politique de confidentialit\u00e9 d\u00e9crit comment vos informations personnelles sont collect\u00e9es, utilis\u00e9es et partag\u00e9es lorsque vous visitez ou faites un [&hellip;]<\/p>\n","protected":false},"author":1,"featured_media":0,"parent":0,"menu_order":0,"comment_status":"closed","ping_status":"closed","template":"","meta":{"give_campaign_id":0,"_surecart_dashboard_logo_width":"180px","_surecart_dashboard_show_logo":true,"_surecart_dashboard_navigation_orders":true,"_surecart_dashboard_navigation_invoices":true,"_surecart_dashboard_navigation_subscriptions":true,"_surecart_dashboard_navigation_downloads":true,"_surecart_dashboard_navigation_billing":true,"_surecart_dashboard_navigation_account":true,"footnotes":""},"class_list":["post-106990","page","type-page","status-publish","hentry"],"campaignId":"","_links":{"self":[{"href":"https:\/\/hephzibahsda.com\/fr\/index.php\/wp-json\/wp\/v2\/pages\/106990","targetHints":{"allow":["GET"]}}],"collection":[{"href":"https:\/\/hephzibahsda.com\/fr\/index.php\/wp-json\/wp\/v2\/pages"}],"about":[{"href":"https:\/\/hephzibahsda.com\/fr\/index.php\/wp-json\/wp\/v2\/types\/page"}],"author":[{"embeddable":true,"href":"https:\/\/hephzibahsda.com\/fr\/index.php\/wp-json\/wp\/v2\/users\/1"}],"replies":[{"embeddable":true,"href":"https:\/\/hephzibahsda.com\/fr\/index.php\/wp-json\/wp\/v2\/comments?post=106990"}],"version-history":[{"count":0,"href":"https:\/\/hephzibahsda.com\/fr\/index.php\/wp-json\/wp\/v2\/pages\/106990\/revisions"}],"wp:attachment":[{"href":"https:\/\/hephzibahsda.com\/fr\/index.php\/wp-json\/wp\/v2\/media?parent=106990"}],"curies":[{"name":"wp","href":"https:\/\/api.w.org\/{rel}","templated":true}]}}