{"id":106996,"date":"2022-04-07T14:05:07","date_gmt":"2022-04-07T14:05:07","guid":{"rendered":"https:\/\/hephzibahsda.com\/index.php\/politique-de-remboursement\/"},"modified":"2023-03-10T18:19:01","modified_gmt":"2023-03-10T18:19:01","slug":"politique-de-remboursement","status":"publish","type":"page","link":"https:\/\/hephzibahsda.com\/fr\/index.php\/politique-de-remboursement\/","title":{"rendered":"Politique de remboursement"},"content":{"rendered":"<p>[vc_row][vc_column width=\u00a0\u00bb1\/1&Prime;][vc_column_text uncode_shortcode_id=\u00a0\u00bb850836&Prime;]<strong>Politique de remboursement de HephzibahSDA via ENGRAVETHEVISION LLP<\/strong><\/p>\n<p><strong>Retours<\/strong><br \/>\nNotre police de remboursement dure 30 jours pour les produits physiques. Si 30 jours se sont \u00e9coul\u00e9s depuis votre achat, nous ne pouvons malheureusement pas vous offrir un remboursement ou un \u00e9change.<\/p>\n<p>Pour \u00eatre admissible \u00e0 un retour, votre article doit \u00eatre inutilis\u00e9 et dans le m\u00eame \u00e9tat que celui dans lequel vous l&rsquo;avez re\u00e7u. Il doit \u00e9galement \u00eatre dans son emballage d&rsquo;origine.<\/p>\n<p>Plusieurs types de marchandises sont exempts de retour. Les biens p\u00e9rissables tels que la nourriture, les fleurs, les journaux ou les magazines ne peuvent pas \u00eatre retourn\u00e9s. Nous n&rsquo;acceptons pas non plus les produits intimes ou sanitaires, les mati\u00e8res dangereuses ou les liquides ou gaz inflammables.<\/p>\n<p><strong>Articles suppl\u00e9mentaires non remboursables :<\/strong><br \/>\n&#8211; Produits num\u00e9riques<br \/>\n&#8211; Logiciels t\u00e9l\u00e9chargeables<br \/>\n&#8211; Certains articles de sant\u00e9 et de soins personnels<br \/>\n&#8211; Cartes-cadeaux<\/p>\n<p>Pour compl\u00e9ter votre retour, nous avons besoin d&rsquo;un re\u00e7u ou d&rsquo;une preuve d&rsquo;achat.<\/p>\n<p>Veuillez ne pas renvoyer votre achat au fabricant.<\/p>\n<p>Dans certaines situations, seuls des remboursements partiels sont accord\u00e9s (le cas \u00e9ch\u00e9ant).<br \/>\nLivre avec des signes \u00e9vidents d&rsquo;utilisation<br \/>\nCD, DVD, cassette VHS, logiciel, jeu vid\u00e9o, cassette ou disque vinyle qui a \u00e9t\u00e9 ouvert.<br \/>\nTout article qui n&rsquo;est pas dans son \u00e9tat d&rsquo;origine, qui est endommag\u00e9 ou auquel il manque des pi\u00e8ces pour des raisons qui ne sont pas dues \u00e0 notre erreur.<br \/>\nTout article retourn\u00e9 plus de 30 jours apr\u00e8s la livraison.<\/p>\n<p><strong>Remboursements (le cas \u00e9ch\u00e9ant)<\/strong><br \/>\nUne fois votre retour re\u00e7u et inspect\u00e9, nous vous enverrons un courriel pour vous informer que nous avons re\u00e7u votre article retourn\u00e9. Nous vous informerons \u00e9galement de l&rsquo;approbation ou du rejet de votre remboursement.<br \/>\nSi votre demande est accept\u00e9e, votre remboursement sera trait\u00e9 et un cr\u00e9dit sera automatiquement appliqu\u00e9 \u00e0 votre carte de cr\u00e9dit ou \u00e0 votre mode de paiement initial, dans un d\u00e9lai de quelques jours.<\/p>\n<p><strong>Remboursements tardifs ou manquants (le cas \u00e9ch\u00e9ant)<\/strong><br \/>\nSi vous n&rsquo;avez pas encore re\u00e7u de remboursement, v\u00e9rifiez d&rsquo;abord \u00e0 nouveau votre compte bancaire.<br \/>\nContactez ensuite la soci\u00e9t\u00e9 \u00e9mettrice de votre carte de cr\u00e9dit. Il peut s&rsquo;\u00e9couler un certain temps avant que votre remboursement ne soit officiellement affich\u00e9.<br \/>\nContactez ensuite votre banque. Il y a souvent un certain temps de traitement avant qu&rsquo;un remboursement soit affich\u00e9.<br \/>\nSi vous avez fait tout cela et que vous n&rsquo;avez toujours pas re\u00e7u votre remboursement, veuillez nous contacter \u00e0 l&rsquo;adresse <a href=\"https:\/\/hephzibahsda.com\/#contact\">https:\/\/hephzibahsda.com\/#contact<\/a>.<\/p>\n<p><strong>Articles en solde (le cas \u00e9ch\u00e9ant)<\/strong><br \/>\nSeuls les articles \u00e0 prix normal peuvent \u00eatre rembours\u00e9s. Les articles en solde ne peuvent malheureusement pas \u00eatre rembours\u00e9s.<\/p>\n<p><strong>\u00c9changes (le cas \u00e9ch\u00e9ant)<\/strong><br \/>\nNous ne rempla\u00e7ons les articles que s&rsquo;ils sont d\u00e9fectueux ou endommag\u00e9s. Si vous souhaitez l&rsquo;\u00e9changer contre le m\u00eame article, envoyez-nous un courriel \u00e0 <a href=\"https:\/\/hephzibahsda.com\/#contact\">https:\/\/hephzibahsda.com\/#contact<\/a> et envoyez votre article \u00e0 :<br \/>\nENGRAVETHEVISION LLP<br \/>\n71-75, rue Shelton<br \/>\nCovent Garden<br \/>\nLondres, WC2H 9JQ<br \/>\nRoyaume-Uni (Royaume-Uni)<\/p>\n<p><strong>Cadeaux<\/strong><br \/>\nSi l&rsquo;article \u00e9tait marqu\u00e9 comme un cadeau lors de l&rsquo;achat et qu&rsquo;il vous a \u00e9t\u00e9 exp\u00e9di\u00e9 directement, vous recevrez un cr\u00e9dit cadeau correspondant \u00e0 la valeur de votre retour. D\u00e8s r\u00e9ception de l&rsquo;article retourn\u00e9, un ch\u00e8que-cadeau vous sera envoy\u00e9 par courrier.<\/p>\n<p>Si l&rsquo;article n&rsquo;\u00e9tait pas marqu\u00e9 comme un cadeau au moment de l&rsquo;achat, ou si l&rsquo;auteur du cadeau s&rsquo;est fait exp\u00e9dier la commande pour vous la donner plus tard, nous enverrons un remboursement \u00e0 l&rsquo;auteur du cadeau et il sera inform\u00e9 de votre retour.<\/p>\n<p><strong>Exp\u00e9dition<\/strong><br \/>\nPour retourner votre produit, vous devez l&rsquo;envoyer par courrier \u00e0 l&rsquo;adresse suivante :<br \/>\nENGRAVETHEVISION LLP<br \/>\n71-75, rue Shelton<br \/>\nCovent Garden<br \/>\nLondres, WC2H 9JQ<br \/>\nRoyaume-Uni (Royaume-Uni)<\/p>\n<p><strong>Vous serez responsable du paiement de vos propres frais d&rsquo;exp\u00e9dition pour le retour de votre article. Les frais d&rsquo;exp\u00e9dition ne sont pas remboursables. Si vous recevez un remboursement, les frais de retour seront d\u00e9duits de votre remboursement.<\/strong><\/p>\n<p>Le d\u00e9lai de livraison de votre produit \u00e9chang\u00e9 peut varier en fonction de votre lieu de r\u00e9sidence.<\/p>\n<p>Si vous exp\u00e9diez un article de plus de 75 dollars, vous devriez envisager d&rsquo;utiliser un service d&rsquo;exp\u00e9dition avec suivi ou de souscrire une assurance exp\u00e9dition. Nous ne garantissons pas que nous recevrons votre article retourn\u00e9.[\/vc_column_text][\/vc_column][\/vc_row]<\/p>\n","protected":false},"excerpt":{"rendered":"<p>[vc_row][vc_column width=\u00a0\u00bb1\/1&Prime;][vc_column_text uncode_shortcode_id=\u00a0\u00bb850836&Prime;]Politique de remboursement de HephzibahSDA via ENGRAVETHEVISION LLP Retours Notre police de remboursement dure 30 jours pour les [&hellip;]<\/p>\n","protected":false},"author":1,"featured_media":0,"parent":0,"menu_order":0,"comment_status":"closed","ping_status":"closed","template":"","meta":{"give_campaign_id":0,"_surecart_dashboard_logo_width":"180px","_surecart_dashboard_show_logo":true,"_surecart_dashboard_navigation_orders":true,"_surecart_dashboard_navigation_invoices":true,"_surecart_dashboard_navigation_subscriptions":true,"_surecart_dashboard_navigation_downloads":true,"_surecart_dashboard_navigation_billing":true,"_surecart_dashboard_navigation_account":true,"footnotes":""},"class_list":["post-106996","page","type-page","status-publish","hentry"],"campaignId":"","_links":{"self":[{"href":"https:\/\/hephzibahsda.com\/fr\/index.php\/wp-json\/wp\/v2\/pages\/106996","targetHints":{"allow":["GET"]}}],"collection":[{"href":"https:\/\/hephzibahsda.com\/fr\/index.php\/wp-json\/wp\/v2\/pages"}],"about":[{"href":"https:\/\/hephzibahsda.com\/fr\/index.php\/wp-json\/wp\/v2\/types\/page"}],"author":[{"embeddable":true,"href":"https:\/\/hephzibahsda.com\/fr\/index.php\/wp-json\/wp\/v2\/users\/1"}],"replies":[{"embeddable":true,"href":"https:\/\/hephzibahsda.com\/fr\/index.php\/wp-json\/wp\/v2\/comments?post=106996"}],"version-history":[{"count":2,"href":"https:\/\/hephzibahsda.com\/fr\/index.php\/wp-json\/wp\/v2\/pages\/106996\/revisions"}],"predecessor-version":[{"id":108535,"href":"https:\/\/hephzibahsda.com\/fr\/index.php\/wp-json\/wp\/v2\/pages\/106996\/revisions\/108535"}],"wp:attachment":[{"href":"https:\/\/hephzibahsda.com\/fr\/index.php\/wp-json\/wp\/v2\/media?parent=106996"}],"curies":[{"name":"wp","href":"https:\/\/api.w.org\/{rel}","templated":true}]}}