{"id":109154,"date":"2025-04-12T18:41:58","date_gmt":"2025-04-12T18:41:58","guid":{"rendered":"https:\/\/hephzibahsda.com\/?page_id=109154"},"modified":"2025-04-19T00:26:31","modified_gmt":"2025-04-19T00:26:31","slug":"calendrier-biblique-hephzibahsda","status":"publish","type":"page","link":"https:\/\/hephzibahsda.com\/fr\/index.php\/calendrier-biblique-hephzibahsda\/","title":{"rendered":"Calendrier biblique restaur\u00e9"},"content":{"rendered":"<div id=\"sp-page\" class=\"spBgcover sp-content-1\" style=\"background-color: rgb(14, 15, 17); font-family: Inter, sans-serif; font-weight: 500;\">\n<section id=\"sp-mm096s9ksquj\" data-mobile-visibility=\"#sp-mm096s9ksquj|false\" data-tablet-visibility=\"#sp-mm096s9ksquj|false\" data-desktop-visibility=\"#sp-mm096s9ksquj|false\" data-mobile-css=\"\" data-tablet-css=\"\" class=\"sp-el-section  spBgcover\" style=\"background-color: rgb(21, 21, 23); width: 100%; max-width: 100%; padding: 10px;\">\n<div id=\"sp-bn6kngjckq0k\" data-mobile-visibility=\"#sp-bn6kngjckq0k|false\" data-tablet-visibility=\"#sp-bn6kngjckq0k|false\" data-desktop-visibility=\"#sp-bn6kngjckq0k|false\" data-mobile-css=\"\" data-tablet-css=\"\" class=\"sp-el-row sp-w-full  sp-m-auto spBgcover sm:sp-flex sp-justify-between\" style=\"padding: 0px; width: auto; max-width: 1000px;\">\n<div id=\"sp-syu0tgg5iuvn\" data-mobile-visibility=\"#sp-syu0tgg5iuvn|false\" data-tablet-visibility=\"#sp-syu0tgg5iuvn|false\" data-desktop-visibility=\"#sp-syu0tgg5iuvn|false\" data-mobile-css=\"\" data-tablet-css=\"\" class=\"sp-el-col  spBgcover sp-w-full\" style=\"width: calc(50% + 0px);\">\n<figure id=\"sp-tcth1c8j6ifs\" data-mobile-css=\"#sp-tcth1c8j6ifs|text-align:center;\" data-tablet-css=\"#sp-tcth1c8j6ifs|text-align:center;\" class=\"sp-image-wrapper sp-el-block\" style=\"margin: 0px; text-align: left;\">\n<div><span><img decoding=\"async\" src=\"https:\/\/hephzibahsda.com\/wp-content\/uploads\/2022\/08\/Official_logo_hephzibah_SDA.png\" alt=\"\" width=\"1920\" height=\"1080\" data-dynamic-tag=\"\" data-image-src=\"wpmedia\" data-mobile-visibility=\".sp-image-block-tcth1c8j6ifs|false\" data-tablet-visibility=\".sp-image-block-tcth1c8j6ifs|false\" data-desktop-visibility=\".sp-image-block-tcth1c8j6ifs|false\" srcset=\" https:\/\/hephzibahsda.com\/wp-content\/uploads\/2022\/08\/Official_logo_hephzibah_SDA-150x150.png 150w, https:\/\/hephzibahsda.com\/wp-content\/uploads\/2022\/08\/Official_logo_hephzibah_SDA-300x169.png 300w, https:\/\/hephzibahsda.com\/wp-content\/uploads\/2022\/08\/Official_logo_hephzibah_SDA-1024x576.png 1024w, https:\/\/hephzibahsda.com\/wp-content\/uploads\/2022\/08\/Official_logo_hephzibah_SDA.png 1920w\" class=\"sp-image-block-tcth1c8j6ifs custom-preview-class\" style=\"width: 250px;\"><\/span><\/div>\n<div id=\"sp-image-dynamic-tags-js-tcth1c8j6ifs\"><script>jQuery(function() { image_dynamic_tags('tcth1c8j6ifs' );});<\/script><\/div>\n<\/figure>\n<\/div>\n<div id=\"sp-m3jb0ehm7l5p\" data-mobile-visibility=\"#sp-m3jb0ehm7l5p|false\" data-tablet-visibility=\"#sp-m3jb0ehm7l5p|false\" data-desktop-visibility=\"#sp-m3jb0ehm7l5p|false\" data-mobile-css=\"\" data-tablet-css=\"\" class=\"sp-el-col  spBgcover sp-w-full\" style=\"width: calc(50% + 0px);\"><\/div>\n<\/div>\n<\/section>\n<section id=\"sp-v2dmzjmq338j\" data-mobile-visibility=\"#sp-v2dmzjmq338j|false\" data-tablet-visibility=\"#sp-v2dmzjmq338j|false\" data-desktop-visibility=\"#sp-v2dmzjmq338j|false\" data-mobile-css=\"\" data-tablet-css=\"\" class=\"sp-el-section  spBgcover\" style=\"width: 100%; max-width: 100%; padding: 10px;\">\n<div id=\"sp-k29br8or7sre\" data-mobile-visibility=\"#sp-k29br8or7sre|false\" data-tablet-visibility=\"#sp-k29br8or7sre|false\" data-desktop-visibility=\"#sp-k29br8or7sre|false\" data-mobile-css=\"\" data-tablet-css=\"\" class=\"sp-el-row sp-w-full  sp-m-auto spBgcover sm:sp-flex sp-justify-between\" style=\"padding: 0px; width: auto; max-width: 1000px;\">\n<div id=\"sp-liifa4qafbw\" data-mobile-visibility=\"#sp-liifa4qafbw|false\" data-tablet-visibility=\"#sp-liifa4qafbw|false\" data-desktop-visibility=\"#sp-liifa4qafbw|false\" data-mobile-css=\"\" data-tablet-css=\"\" class=\"sp-el-col  spBgcover sp-w-full\" style=\"width: calc(50% + 0px);\"><span href=\"\" target=\"\" rel=\"\" class=\"sp-header-block-link\" style=\"text-decoration: none;\"><\/p>\n<h1 id=\"sp-fh7z5fpidu\" data-mobile-css=\".sp-headline-block-fh7z5fpidu, #sp-fh7z5fpidu, #fh7z5fpidu|text-align:center;\" data-tablet-css=\".sp-headline-block-fh7z5fpidu, #sp-fh7z5fpidu, #fh7z5fpidu|text-align:center;\" data-mobile-visibility=\".sp-headline-block-fh7z5fpidu|false\" data-tablet-visibility=\".sp-headline-block-fh7z5fpidu|false\" data-desktop-visibility=\".sp-headline-block-fh7z5fpidu|false\" class=\"sp-css-target sp-el-block sp-headline-block-fh7z5fpidu sp-type-header\" style=\"font-size: 56px; text-transform: uppercase; text-align: left; margin: 91px 0px 0px;\">Calendrier biblique restaur\u00e9<\/h1>\n<p><\/span><\/p>\n<div id=\"sp-oa3pngjq337\" data-mobile-css=\".sp-text-wrapper-oa3pngjq337, #sp-oa3pngjq337, #oa3pngjq337|text-align:left;\" data-tablet-css=\".sp-text-wrapper-oa3pngjq337, #sp-oa3pngjq337, #oa3pngjq337|text-align:left;\" data-mobile-visibility=\".sp-text-wrapper-oa3pngjq337|false\" data-tablet-visibility=\".sp-text-wrapper-oa3pngjq337|false\" data-desktop-visibility=\".sp-text-wrapper-oa3pngjq337|false\" class=\"sp-css-target sp-text-wrapper sp-el-block sp-text-wrapper-oa3pngjq337\" style=\"font-size: 19px; margin: 5px 0px 0px; text-align: left;\">\n<p><span style=\"vertical-align: inherit;\"><span style=\"vertical-align: inherit;\"><span style=\"vertical-align: inherit;\"><span style=\"vertical-align: inherit;\">Ajoutez le calendrier biblique restaur\u00e9 \u00e0 votre agenda Google.<\/span><\/span><\/span><\/span><\/p>\n<\/div>\n<div id=\"sp-bfoq9o\" data-mobile-visibility=\".sp-shortcode-block-bfoq9o|false\" data-tablet-visibility=\".sp-shortcode-block-bfoq9o|false\" data-desktop-visibility=\".sp-shortcode-block-bfoq9o|false\" data-mobile-css=\"\" data-tablet-css=\"\" class=\"sp-el-block sp-shortcode-block-bfoq9o\" style=\"margin: 0px;\"><span><\/p>\n<div class=\"\"><div class='fluentform ff-default fluentform_wrapper_4 ffs_default_wrap'><form data-form_id=\"4\" id=\"fluentform_4\" class=\"frm-fluent-form fluent_form_4 ff-el-form-top ff_form_instance_4_1 ff-form-loading ffs_default\" data-form_instance=\"ff_form_instance_4_1\" method=\"POST\" ><fieldset  style=\"border: none!important;margin: 0!important;padding: 0!important;background-color: transparent!important;box-shadow: none!important;outline: none!important; min-inline-size: 100%;\">\n                    <legend class=\"ff_screen_reader_title\" style=\"display: block; margin: 0!important;padding: 0!important;height: 0!important;text-indent: -999999px;width: 0!important;overflow:hidden;\">Calendrier biblique restaur\u00e9 - Hephzibah SDA - Format Google Calendar<\/legend><input type='hidden' name='__fluent_form_embded_post_id' value='109154' \/><input type=\"hidden\" id=\"_fluentform_4_fluentformnonce\" name=\"_fluentform_4_fluentformnonce\" value=\"17de92b5ff\" \/><input type=\"hidden\" name=\"_wp_http_referer\" value=\"\/fr\/index.php\/wp-json\/wp\/v2\/pages\/109154\" \/><div data-name=\"ff_cn_id_1\"  class='ff-t-container ff-column-container ff_columns_total_2 '><div class='ff-t-cell ff-t-column-1' style='flex-basis: 50%;'><div class='ff-el-group'><div class='ff-el-input--content'><input type=\"email\" name=\"email\" id=\"ff_4_email\" class=\"ff-el-form-control\" placeholder=\"Votre email valide\" data-name=\"email\"  aria-invalid=\"false\" aria-required=true><\/div><\/div><\/div><div class='ff-t-cell ff-t-column-2' style='flex-basis: 50%;'><div class='ff-el-group ff-text-left ff_submit_btn_wrapper ff_submit_btn_wrapper_custom'><button class=\"ff-btn ff-btn-submit ff-btn-md ff_btn_style wpf_has_custom_css\" type=\"submit\" name=\"custom_submit_button-4_1\" data-name=\"custom_submit_button-4_1\"  aria-label=\"Recevoir le calendrier\">Recevoir le calendrier<\/button><style>form.fluent_form_4 .wpf_has_custom_css.ff-btn-submit { background-color:#1a7efb;border-color:#1a7efb;color:#ffffff;min-width:100%; }form.fluent_form_4 .wpf_has_custom_css.ff-btn-submit:hover { background-color:#ffffff;border-color:#1a7efb;color:#1a7efb;min-width:100%; } <\/style><\/div><\/div><\/div><\/fieldset><\/form><div id='fluentform_4_errors' class='ff-errors-in-stack ff_form_instance_4_1 ff-form-loading_errors ff_form_instance_4_1_errors'><\/div><\/div>            <script type=\"text\/javascript\">\n                window.fluent_form_ff_form_instance_4_1 = {\"id\":\"4\",\"ajaxUrl\":\"https:\\\/\\\/hephzibahsda.com\\\/wp-admin\\\/admin-ajax.php\",\"settings\":{\"layout\":{\"labelPlacement\":\"top\",\"asteriskPlacement\":\"asterisk-right\",\"helpMessagePlacement\":\"with_label\",\"errorMessagePlacement\":\"inline\",\"cssClassName\":\"\"},\"restrictions\":{\"denyEmptySubmission\":{\"enabled\":false}}},\"form_instance\":\"ff_form_instance_4_1\",\"form_id_selector\":\"fluentform_4\",\"rules\":{\"email\":{\"required\":{\"value\":true,\"message\":\"Ce champ est requis\",\"global\":false,\"global_message\":\"This field is required\"},\"email\":{\"value\":true,\"message\":\"Ce champ doit contenir un email valide\",\"global\":false,\"global_message\":\"This field must contain a valid email\"}}},\"debounce_time\":300};\n                            <\/script>\n            <\/div>\n<p><\/span><\/div>\n<\/div>\n<div id=\"sp-qh4w6lq50qzb\" data-mobile-visibility=\"#sp-qh4w6lq50qzb|false\" data-tablet-visibility=\"#sp-qh4w6lq50qzb|false\" data-desktop-visibility=\"#sp-qh4w6lq50qzb|false\" data-mobile-css=\"\" data-tablet-css=\"\" class=\"sp-el-col  spBgcover sp-w-full\" style=\"width: calc(50% + 0px);\">\n<figure id=\"sp-jkydjr\" data-mobile-css=\"#sp-jkydjr|text-align:center;\" data-tablet-css=\"#sp-jkydjr|text-align:center;\" class=\"sp-image-wrapper sp-el-block\" style=\"margin: 0px; text-align: center;\">\n<div><span><img decoding=\"async\" src=\"https:\/\/hephzibahsda.com\/wp-content\/uploads\/2025\/03\/moon.2130.jpg\" alt=\"\" width=\"730\" height=\"730\" data-dynamic-tag=\"\" data-image-src=\"\" data-mobile-visibility=\".sp-image-block-jkydjr|false\" data-tablet-visibility=\".sp-image-block-jkydjr|false\" data-desktop-visibility=\".sp-image-block-jkydjr|false\" srcset=\" https:\/\/hephzibahsda.com\/wp-content\/uploads\/2025\/03\/moon.2130-150x150.jpg 150w, https:\/\/hephzibahsda.com\/wp-content\/uploads\/2025\/03\/moon.2130-300x300.jpg 300w, https:\/\/hephzibahsda.com\/wp-content\/uploads\/2025\/03\/moon.2130.jpg 730w\" class=\"sp-image-block-jkydjr custom-preview-class\" style=\"width: 730px;\"><\/span><\/div>\n<div id=\"sp-image-dynamic-tags-js-jkydjr\"><script>jQuery(function() { image_dynamic_tags('jkydjr' );});<\/script><\/div>\n<\/figure>\n<\/div>\n<\/div>\n<\/section>\n<\/div>\n","protected":false},"excerpt":{"rendered":"<p>Calendrier biblique restaur\u00e9 Ajoutez le calendrier biblique restaur\u00e9 \u00e0 votre agenda Google.<\/p>\n","protected":false},"author":1,"featured_media":0,"parent":0,"menu_order":0,"comment_status":"closed","ping_status":"closed","template":"","meta":{"give_campaign_id":0,"_surecart_dashboard_logo_width":"180px","_surecart_dashboard_show_logo":true,"_surecart_dashboard_navigation_orders":true,"_surecart_dashboard_navigation_invoices":true,"_surecart_dashboard_navigation_subscriptions":true,"_surecart_dashboard_navigation_downloads":true,"_surecart_dashboard_navigation_billing":true,"_surecart_dashboard_navigation_account":true,"footnotes":""},"class_list":["post-109154","page","type-page","status-publish","hentry"],"campaignId":"","_links":{"self":[{"href":"https:\/\/hephzibahsda.com\/fr\/index.php\/wp-json\/wp\/v2\/pages\/109154","targetHints":{"allow":["GET"]}}],"collection":[{"href":"https:\/\/hephzibahsda.com\/fr\/index.php\/wp-json\/wp\/v2\/pages"}],"about":[{"href":"https:\/\/hephzibahsda.com\/fr\/index.php\/wp-json\/wp\/v2\/types\/page"}],"author":[{"embeddable":true,"href":"https:\/\/hephzibahsda.com\/fr\/index.php\/wp-json\/wp\/v2\/users\/1"}],"replies":[{"embeddable":true,"href":"https:\/\/hephzibahsda.com\/fr\/index.php\/wp-json\/wp\/v2\/comments?post=109154"}],"version-history":[{"count":24,"href":"https:\/\/hephzibahsda.com\/fr\/index.php\/wp-json\/wp\/v2\/pages\/109154\/revisions"}],"predecessor-version":[{"id":109224,"href":"https:\/\/hephzibahsda.com\/fr\/index.php\/wp-json\/wp\/v2\/pages\/109154\/revisions\/109224"}],"wp:attachment":[{"href":"https:\/\/hephzibahsda.com\/fr\/index.php\/wp-json\/wp\/v2\/media?parent=109154"}],"curies":[{"name":"wp","href":"https:\/\/api.w.org\/{rel}","templated":true}]}}