{"id":106928,"date":"2022-04-14T06:08:30","date_gmt":"2022-04-14T06:08:30","guid":{"rendered":"https:\/\/hephzibahsda.com\/index.php\/faca-o-seu-donativo\/"},"modified":"2023-03-28T20:59:02","modified_gmt":"2023-03-28T20:59:02","slug":"faca-o-seu-donativo","status":"publish","type":"page","link":"https:\/\/hephzibahsda.com\/pt-br\/index.php\/faca-o-seu-donativo\/","title":{"rendered":"Fa\u00e7a o seu donativo"},"content":{"rendered":"<p>[vc_row][vc_column width=&#8221;1\/1&#8243;][vc_single_image media=&#8221;107164&#8243; media_width_percent=&#8221;100&#8243; uncode_shortcode_id=&#8221;959284&#8243;][vc_column_text uncode_shortcode_id=&#8221;127502&#8243;]&#8221;Paulo nas suas viagens combinou <strong>miss\u00f5es dom\u00e9sticas e estrangeiras<\/strong>. Agora <strong>est\u00e1 a pregar aos judeus<\/strong> no seu pr\u00f3prio local de culto. Agora <strong>est\u00e1 a pregar aos gentios<\/strong>, perante o seu pr\u00f3prio templo e na pr\u00f3pria presen\u00e7a dos seus deuses. Nem Paulo proclama aos judeus um Messias cujo trabalho \u00e9 destruir a velha dispensa\u00e7\u00e3o, mas <strong>um Messias que veio para<\/strong> <strong>desenvolver toda a economia judaica de acordo com a verdade<\/strong>&#8220;. Ellen Gould White.<\/p>\n<p>Tentamos o melhor que podemos, com a for\u00e7a que Deus nos d\u00e1, difundir as descobertas b\u00edblicas. Eles confirmam a verdade aut\u00eantica de Jesus e trazem esperan\u00e7a e respostas existenciais a este mundo em perdi\u00e7\u00e3o. De facto, a nossa sociedade tem progressivamente esquecido, ignorado e at\u00e9 rejeitado os marcos que Deus tinha institu\u00eddo para o bem da humanidade. Percebe certamente que estes trabalhos representam horas de pesquisa, an\u00e1lise, escrita e ora\u00e7\u00f5es. A verdade \u00e9 imut\u00e1vel, mas \u00e9 descoberta progressivamente. Podemos alcan\u00e7\u00e1-lo, cada dia um pouco mais, atrav\u00e9s do estudo da vida de Jesus e da sua Palavra, sob a influ\u00eancia do seu Esp\u00edrito. Encorajamo-lo a pesquisar as escrituras e pedir ajuda a Deus. Encorajamo-lo a pesquisar as escrituras e pedir ajuda a Deus, e agradecemos o seu apoio na sua doa\u00e7\u00e3o. Estes ser\u00e3o utilizados para divulgar as boas novas de Jesus e do seu reino da verdade, para manter a nossa infra-estrutura inform\u00e1tica e para criar a aplica\u00e7\u00e3o do calend\u00e1rio b\u00edblico restaurado em v\u00e1rias l\u00ednguas. Pode fazer uma doa\u00e7\u00e3o por transfer\u00eancia banc\u00e1ria na moeda da sua escolha entre o IBAN abaixo ou por cart\u00e3o de cr\u00e9dito atrav\u00e9s do formul\u00e1rio :<\/p>\n<p><strong>Moeda em Euro<br \/>\n<\/strong>Titular da conta: Engravethevision LLP<br \/>\nBIC : TRWIBEBEB1XXX<br \/>\nIBAN : BE94 9675 4006 2014<br \/>\nO endere\u00e7o do Wise bank:<br \/>\nAvenue Louise 54, Bureau S52<br \/>\nBruxelles<br \/>\n1050<br \/>\nBelgique<\/p>\n<p><strong>Moeda em libra esterlina:<br \/>\n<\/strong>Titular da conta: Engravethevision LLP<br \/>\nC\u00f3digo de classifica\u00e7\u00e3o: 23-14-70<br \/>\nN\u00famero de conta: 52284595<br \/>\nIBAN : GB95 TRWI 2314 7052 2845 95<br \/>\nO endere\u00e7o do Wise bank:<br \/>\n56 Shoreditch High Street<br \/>\nLondres E1 6JJ<br \/>\nReino Unido<\/p>\n<p><strong>Moeda em d\u00f3lar canadiano<br \/>\n<\/strong>Titular da conta: Engravethevision LLP<br \/>\nN\u00famero da institui\u00e7\u00e3o: 621<br \/>\nN\u00famero de conta: 200110221742<br \/>\nN\u00famero de tr\u00e2nsito: 16001<br \/>\nO endere\u00e7o do Wise bank:<br \/>\n99 Bank Street, Suite 1420<br \/>\nOttawa ON K1P 1H4<br \/>\nCanad\u00e1<\/p>\n<p><strong>Moeda em d\u00f3lares americanos:<br \/>\n<\/strong>Titular da conta: Engravethevision LLP<br \/>\nN\u00famero de encaminhamento ACH e Wire routing: 084009519<br \/>\nN\u00famero de conta: 9600002858497333<br \/>\nTipo de conta: Conta corrente<br \/>\nO endere\u00e7o do Wise bank :<br \/>\n30 W. 26th Street, Sixth<br \/>\nPiso<br \/>\nNova Iorque, NY 10010<br \/>\nEstados Unidos da Am\u00e9rica<\/p>\n<p>O seu apoio ser\u00e1 muito apreciado. Obrigado pela sua confian\u00e7a. Shalom.\u2764<\/p>\n<p>[wpforms id=&#8221;104013&#8243;][\/vc_column_text][\/vc_column][\/vc_row]<\/p>\n","protected":false},"excerpt":{"rendered":"<p>[vc_row][vc_column width=&#8221;1\/1&#8243;][vc_single_image media=&#8221;107164&#8243; media_width_percent=&#8221;100&#8243; uncode_shortcode_id=&#8221;959284&#8243;][vc_column_text uncode_shortcode_id=&#8221;127502&#8243;]&#8221;Paulo nas suas viagens combinou miss\u00f5es dom\u00e9sticas e estrangeiras. Agora est\u00e1 a pregar aos judeus [&hellip;]<\/p>\n","protected":false},"author":1,"featured_media":0,"parent":0,"menu_order":0,"comment_status":"closed","ping_status":"closed","template":"","meta":{"give_campaign_id":0,"_surecart_dashboard_logo_width":"180px","_surecart_dashboard_show_logo":true,"_surecart_dashboard_navigation_orders":true,"_surecart_dashboard_navigation_invoices":true,"_surecart_dashboard_navigation_subscriptions":true,"_surecart_dashboard_navigation_downloads":true,"_surecart_dashboard_navigation_billing":true,"_surecart_dashboard_navigation_account":true,"footnotes":""},"class_list":["post-106928","page","type-page","status-publish","hentry","page_category-blogue","page_category-comprar","page_category-pagina-inicial"],"campaignId":"","_links":{"self":[{"href":"https:\/\/hephzibahsda.com\/pt-br\/index.php\/wp-json\/wp\/v2\/pages\/106928","targetHints":{"allow":["GET"]}}],"collection":[{"href":"https:\/\/hephzibahsda.com\/pt-br\/index.php\/wp-json\/wp\/v2\/pages"}],"about":[{"href":"https:\/\/hephzibahsda.com\/pt-br\/index.php\/wp-json\/wp\/v2\/types\/page"}],"author":[{"embeddable":true,"href":"https:\/\/hephzibahsda.com\/pt-br\/index.php\/wp-json\/wp\/v2\/users\/1"}],"replies":[{"embeddable":true,"href":"https:\/\/hephzibahsda.com\/pt-br\/index.php\/wp-json\/wp\/v2\/comments?post=106928"}],"version-history":[{"count":3,"href":"https:\/\/hephzibahsda.com\/pt-br\/index.php\/wp-json\/wp\/v2\/pages\/106928\/revisions"}],"predecessor-version":[{"id":108564,"href":"https:\/\/hephzibahsda.com\/pt-br\/index.php\/wp-json\/wp\/v2\/pages\/106928\/revisions\/108564"}],"wp:attachment":[{"href":"https:\/\/hephzibahsda.com\/pt-br\/index.php\/wp-json\/wp\/v2\/media?parent=106928"}],"curies":[{"name":"wp","href":"https:\/\/api.w.org\/{rel}","templated":true}]}}