{"id":106991,"date":"2022-04-07T14:43:35","date_gmt":"2022-04-07T14:43:35","guid":{"rendered":"https:\/\/hephzibahsda.com\/index.php\/politica-de-privacidade\/"},"modified":"2022-04-07T14:43:35","modified_gmt":"2022-04-07T14:43:35","slug":"politica-de-privacidade","status":"publish","type":"page","link":"https:\/\/hephzibahsda.com\/pt-br\/index.php\/politica-de-privacidade\/","title":{"rendered":"Pol\u00edtica de Privacidade"},"content":{"rendered":"<p>Esta Pol\u00edtica de Privacidade descreve como a sua informa\u00e7\u00e3o pessoal \u00e9 recolhida, utilizada e partilhada quando visita ou faz uma compra no hephzibahsda.com.<\/p>\n<p><strong>INFORMA\u00c7\u00c3O PESSOAL QUE RECOLHEMOS<\/strong><br \/>\nQuando visita o Site, recolhemos automaticamente certas informa\u00e7\u00f5es sobre o seu dispositivo, incluindo informa\u00e7\u00f5es sobre o seu browser, endere\u00e7o IP, fuso hor\u00e1rio, e alguns dos cookies que est\u00e3o instalados no seu dispositivo. Al\u00e9m disso, ao navegar no Site, recolhemos informa\u00e7\u00f5es sobre as p\u00e1ginas web individuais ou produtos que visualiza, que sites ou termos de pesquisa o remetem para o Site, e informa\u00e7\u00f5es sobre como interage com o Site. Referimo-nos a esta informa\u00e7\u00e3o recolhida automaticamente como &#8220;Informa\u00e7\u00e3o do Dispositivo&#8221;.<\/p>\n<p>Recolhemos informa\u00e7\u00f5es sobre os dispositivos utilizando as seguintes tecnologias:<br \/>\n&#8211; &#8220;Cookies&#8221; s\u00e3o ficheiros de dados que s\u00e3o colocados no seu dispositivo ou computador e muitas vezes incluem um identificador an\u00f3nimo \u00fanico. Para mais informa\u00e7\u00f5es sobre cookies, e como desactivar os cookies, visite http:\/\/www.allaboutcookies.org.<br \/>\n&#8211; Os &#8220;ficheiros de registo&#8221; acompanham as ac\u00e7\u00f5es que ocorrem no S\u00edtio, e recolhem dados incluindo o seu endere\u00e7o IP, tipo de navegador, fornecedor de servi\u00e7os Internet, p\u00e1ginas de refer\u00eancia\/sa\u00edda, e carimbos de data\/hora.<br \/>\n&#8211; &#8220;Web beacons&#8221;, &#8220;tags&#8221;, e &#8220;pixels&#8221; s\u00e3o ficheiros electr\u00f3nicos utilizados para registar informa\u00e7\u00f5es sobre a forma como navega no S\u00edtio.<\/p>\n<p>Al\u00e9m disso, quando faz uma compra ou tenta fazer uma compra atrav\u00e9s do Site, recolhemos determinadas informa\u00e7\u00f5es do utilizador, incluindo o seu nome, endere\u00e7o de factura\u00e7\u00e3o, endere\u00e7o de envio, informa\u00e7\u00f5es de pagamento (incluindo n\u00fameros de cart\u00e3o de cr\u00e9dito), endere\u00e7o de correio electr\u00f3nico, e n\u00famero de telefone. Referimo-nos a esta informa\u00e7\u00e3o como &#8220;Informa\u00e7\u00e3o de Encomenda&#8221;.<\/p>\n<p>Quando falamos de &#8220;Informa\u00e7\u00e3o Pessoal&#8221; nesta Pol\u00edtica de Privacidade, estamos a falar tanto de Informa\u00e7\u00e3o sobre Dispositivos como de Informa\u00e7\u00e3o sobre Encomendas.<\/p>\n<p><strong>COMO UTILIZAMOS A SUA INFORMA\u00c7\u00c3O PESSOAL?<\/strong><br \/>\nUtilizamos as Informa\u00e7\u00f5es de Encomenda que recolhemos geralmente para cumprir quaisquer encomendas feitas atrav\u00e9s do S\u00edtio (incluindo o processamento das suas informa\u00e7\u00f5es de pagamento, organiza\u00e7\u00e3o do envio, e fornecimento de facturas e\/ou confirma\u00e7\u00f5es de encomenda). Al\u00e9m disso, utilizamos esta informa\u00e7\u00e3o de encomenda para:<br \/>\n&#8211; Comunicar convosco;<br \/>\n&#8211; Analisar as nossas ordens de risco potencial ou fraude; e<br \/>\n&#8211; Quando de acordo com as prefer\u00eancias que partilhou connosco, fornecer-lhe informa\u00e7\u00f5es ou publicidade relacionadas com os nossos produtos ou servi\u00e7os.<\/p>\n<p>Utilizamos a Informa\u00e7\u00e3o do Dispositivo que recolhemos para nos ajudar a detectar potenciais riscos e fraudes (em particular, o seu endere\u00e7o IP), e mais geralmente para melhorar e optimizar o nosso Site (por exemplo, gerando an\u00e1lises sobre a forma como os nossos clientes navegam e interagem com o Site, e para avaliar o sucesso das nossas campanhas de marketing e publicidade).<\/p>\n<p><strong>PARTILHAR A SUA INFORMA\u00c7\u00c3O PESSOAL<\/strong><br \/>\nPartilhamos a sua Informa\u00e7\u00e3o Pessoal com terceiros para nos ajudar a utilizar a sua Informa\u00e7\u00e3o Pessoal, tal como descrito acima. Tamb\u00e9m utilizamos o Google Analytics para nos ajudar a compreender como os nossos clientes utilizam o Site &#8212; pode ler mais sobre como o Google utiliza a sua Informa\u00e7\u00e3o Pessoal aqui: https:\/\/www.google.com\/intl\/en\/policies\/privacy\/. Tamb\u00e9m pode optar por n\u00e3o utilizar o Google Analytics aqui: https:\/\/tools.google.com\/dlpage\/gaoptout.<\/p>\n<p>Finalmente, podemos tamb\u00e9m partilhar as suas Informa\u00e7\u00f5es Pessoais para cumprir as leis e regulamentos aplic\u00e1veis, para responder a uma intima\u00e7\u00e3o, mandado de busca ou outro pedido legal de informa\u00e7\u00f5es que recebemos, ou para proteger de outra forma os nossos direitos.<\/p>\n<p><strong>PUBLICIDADE COMPORTAMENTAL<\/strong><br \/>\nComo descrito acima, utilizamos as suas Informa\u00e7\u00f5es Pessoais para lhe fornecer an\u00fancios ou comunica\u00e7\u00f5es de marketing direccionados que acreditamos que possam ser do seu interesse. Para mais informa\u00e7\u00f5es sobre como funciona a publicidade direccionada, pode visitar a p\u00e1gina educacional da Network Advertising Initiative (&#8220;NAI&#8221;) em http:\/\/www.networkadvertising.org\/understanding-online-advertising\/how-does-it-work.<\/p>\n<p>Pode optar por n\u00e3o fazer publicidade direccionada utilizando os links abaixo:<br \/>\n&#8211; Facebook: https:\/\/www.facebook.com\/settings\/?tab=ads<br \/>\n&#8211; Google: https:\/\/www.google.com\/settings\/ads\/anonymous<br \/>\n&#8211; Bing: https:\/\/advertise.bingads.microsoft.com\/en-us\/resources\/policies\/personalized-ads<br \/>\nAl\u00e9m disso, pode optar por n\u00e3o participar em alguns destes servi\u00e7os, visitando o portal de n\u00e3o participa\u00e7\u00e3o da Digital Advertising Alliance em: http:\/\/optout.aboutads.info\/.<\/p>\n<p><strong>N\u00c3O TRACK<\/strong><br \/>\nNote que n\u00e3o alteramos a recolha de dados e as pr\u00e1ticas de utiliza\u00e7\u00e3o do nosso S\u00edtio quando vemos um sinal de N\u00e3o Rastrear do seu navegador.<\/p>\n<p><strong>OS SEUS DIREITOS<\/strong><br \/>\nSe for um residente europeu, tem o direito de aceder \u00e0s informa\u00e7\u00f5es pessoais que temos sobre si e de solicitar que as suas informa\u00e7\u00f5es pessoais sejam corrigidas, actualizadas, ou apagadas. Se desejar exercer este direito, por favor contacte-nos atrav\u00e9s das informa\u00e7\u00f5es de contacto abaixo.<\/p>\n<p>Al\u00e9m disso, se for um residente europeu, notamos que estamos a processar as suas informa\u00e7\u00f5es para cumprir contratos que possamos ter consigo (por exemplo, se fizer uma encomenda atrav\u00e9s do S\u00edtio), ou para prosseguir os nossos leg\u00edtimos interesses comerciais enumerados acima. Al\u00e9m disso, note que a sua informa\u00e7\u00e3o ser\u00e1 transferida para fora da Europa, incluindo para o Canad\u00e1 e os Estados Unidos da Am\u00e9rica.<\/p>\n<p><strong>DEVOLU\u00c7\u00c3O DE DADOS<\/strong><br \/>\nQuando fizer uma encomenda atrav\u00e9s do Site, manteremos a sua Informa\u00e7\u00e3o de Encomenda para os nossos registos, a menos que e at\u00e9 que nos pe\u00e7a para apagarmos esta informa\u00e7\u00e3o.<\/p>\n<p><strong>MUDAN\u00c7AS<\/strong><br \/>\nPodemos actualizar esta pol\u00edtica de privacidade de tempos a tempos a fim de reflectir, por exemplo, altera\u00e7\u00f5es \u00e0s nossas pr\u00e1ticas ou por outras raz\u00f5es operacionais, legais ou regulamentares.<\/p>\n<p><strong>MENORES<\/strong><br \/>\nQueremos minimizar estes riscos. \u00c9 por isso que perguntamos se tem menos de 16 anos, que os seus pais est\u00e3o a responder a an\u00fancios que lhe interessam. Al\u00e9m disso, se quiser publicar um an\u00fancio, pedimos aos seus pais que o fa\u00e7am por si, para que estejam directamente envolvidos na transac\u00e7\u00e3o.<\/p>\n<p><strong>CONTACTE-NOS<\/strong><br \/>\nPara mais informa\u00e7\u00f5es sobre as nossas pr\u00e1ticas de privacidade, se tiver perguntas, ou se quiser fazer uma reclama\u00e7\u00e3o, por favor contacte-nos por e-mail para <a href=\"https:\/\/hephzibahsda.com\/#contact\">https:\/\/hephzibahsda.com\/#contact<\/a><\/p>\n","protected":false},"excerpt":{"rendered":"<p>Esta Pol\u00edtica de Privacidade descreve como a sua informa\u00e7\u00e3o pessoal \u00e9 recolhida, utilizada e partilhada quando visita ou faz uma [&hellip;]<\/p>\n","protected":false},"author":1,"featured_media":0,"parent":0,"menu_order":0,"comment_status":"closed","ping_status":"closed","template":"","meta":{"give_campaign_id":0,"_surecart_dashboard_logo_width":"180px","_surecart_dashboard_show_logo":true,"_surecart_dashboard_navigation_orders":true,"_surecart_dashboard_navigation_invoices":true,"_surecart_dashboard_navigation_subscriptions":true,"_surecart_dashboard_navigation_downloads":true,"_surecart_dashboard_navigation_billing":true,"_surecart_dashboard_navigation_account":true,"footnotes":""},"class_list":["post-106991","page","type-page","status-publish","hentry"],"campaignId":"","_links":{"self":[{"href":"https:\/\/hephzibahsda.com\/pt-br\/index.php\/wp-json\/wp\/v2\/pages\/106991","targetHints":{"allow":["GET"]}}],"collection":[{"href":"https:\/\/hephzibahsda.com\/pt-br\/index.php\/wp-json\/wp\/v2\/pages"}],"about":[{"href":"https:\/\/hephzibahsda.com\/pt-br\/index.php\/wp-json\/wp\/v2\/types\/page"}],"author":[{"embeddable":true,"href":"https:\/\/hephzibahsda.com\/pt-br\/index.php\/wp-json\/wp\/v2\/users\/1"}],"replies":[{"embeddable":true,"href":"https:\/\/hephzibahsda.com\/pt-br\/index.php\/wp-json\/wp\/v2\/comments?post=106991"}],"version-history":[{"count":0,"href":"https:\/\/hephzibahsda.com\/pt-br\/index.php\/wp-json\/wp\/v2\/pages\/106991\/revisions"}],"wp:attachment":[{"href":"https:\/\/hephzibahsda.com\/pt-br\/index.php\/wp-json\/wp\/v2\/media?parent=106991"}],"curies":[{"name":"wp","href":"https:\/\/api.w.org\/{rel}","templated":true}]}}