{"id":106995,"date":"2022-04-06T05:47:25","date_gmt":"2022-04-06T05:47:25","guid":{"rendered":"https:\/\/hephzibahsda.com\/index.php\/partilhe-o-seu-novo-avistamento-da-lua-pre-visualizacao\/"},"modified":"2022-04-06T05:47:25","modified_gmt":"2022-04-06T05:47:25","slug":"partilhe-o-seu-novo-avistamento-da-lua-pre-visualizacao","status":"publish","type":"page","link":"https:\/\/hephzibahsda.com\/pt-br\/index.php\/partilhe-o-seu-novo-avistamento-da-lua-pre-visualizacao\/","title":{"rendered":"Partilhe o seu novo avistamento da lua Pr\u00e9-visualiza\u00e7\u00e3o"},"content":{"rendered":"","protected":false},"excerpt":{"rendered":"","protected":false},"author":1,"featured_media":0,"parent":0,"menu_order":0,"comment_status":"closed","ping_status":"closed","template":"","meta":{"give_campaign_id":0,"_surecart_dashboard_logo_width":"180px","_surecart_dashboard_show_logo":true,"_surecart_dashboard_navigation_orders":true,"_surecart_dashboard_navigation_invoices":true,"_surecart_dashboard_navigation_subscriptions":true,"_surecart_dashboard_navigation_downloads":true,"_surecart_dashboard_navigation_billing":true,"_surecart_dashboard_navigation_account":true,"footnotes":""},"class_list":["post-106995","page","type-page","status-publish","hentry"],"campaignId":"","_links":{"self":[{"href":"https:\/\/hephzibahsda.com\/pt-br\/index.php\/wp-json\/wp\/v2\/pages\/106995","targetHints":{"allow":["GET"]}}],"collection":[{"href":"https:\/\/hephzibahsda.com\/pt-br\/index.php\/wp-json\/wp\/v2\/pages"}],"about":[{"href":"https:\/\/hephzibahsda.com\/pt-br\/index.php\/wp-json\/wp\/v2\/types\/page"}],"author":[{"embeddable":true,"href":"https:\/\/hephzibahsda.com\/pt-br\/index.php\/wp-json\/wp\/v2\/users\/1"}],"replies":[{"embeddable":true,"href":"https:\/\/hephzibahsda.com\/pt-br\/index.php\/wp-json\/wp\/v2\/comments?post=106995"}],"version-history":[{"count":0,"href":"https:\/\/hephzibahsda.com\/pt-br\/index.php\/wp-json\/wp\/v2\/pages\/106995\/revisions"}],"wp:attachment":[{"href":"https:\/\/hephzibahsda.com\/pt-br\/index.php\/wp-json\/wp\/v2\/media?parent=106995"}],"curies":[{"name":"wp","href":"https:\/\/api.w.org\/{rel}","templated":true}]}}