{"id":106997,"date":"2022-04-07T14:05:07","date_gmt":"2022-04-07T14:05:07","guid":{"rendered":"https:\/\/hephzibahsda.com\/index.php\/politica-de-reembolso\/"},"modified":"2022-04-07T14:05:07","modified_gmt":"2022-04-07T14:05:07","slug":"politica-de-reembolso","status":"publish","type":"page","link":"https:\/\/hephzibahsda.com\/pt-br\/index.php\/politica-de-reembolso\/","title":{"rendered":"Politica de reembolso"},"content":{"rendered":"<p><strong>Pol\u00edtica de reembolso da ENGRAVETHEVISION LLP (Empresa Parceira)<\/strong><\/p>\n<p>Devolu\u00e7\u00f5es<br \/>\nA nossa pol\u00edtica tem a dura\u00e7\u00e3o de 30 dias. Se j\u00e1 passaram 30 dias desde a sua compra, infelizmente n\u00e3o podemos oferecer-lhe um reembolso ou troca.<\/p>\n<p>Para ser eleg\u00edvel para uma devolu\u00e7\u00e3o, o seu artigo deve estar por utilizar e nas mesmas condi\u00e7\u00f5es em que o recebeu. Deve tamb\u00e9m estar na embalagem original.<\/p>\n<p>V\u00e1rios tipos de bens est\u00e3o isentos de ser devolvidos. Os bens perec\u00edveis tais como alimentos, flores, jornais ou revistas n\u00e3o podem ser devolvidos. Tamb\u00e9m n\u00e3o aceitamos produtos que sejam bens \u00edntimos ou sanit\u00e1rios, materiais perigosos, ou l\u00edquidos ou gases inflam\u00e1veis.<\/p>\n<p><strong>Artigos adicionais n\u00e3o retorn\u00e1veis:<\/strong><br \/>\nCart\u00f5es de oferta<br \/>\nProdutos de software descarreg\u00e1veis<br \/>\nAlguns artigos de sa\u00fade e cuidados pessoais<\/p>\n<p>Para completar a sua devolu\u00e7\u00e3o, exigimos um recibo ou uma prova de compra.<\/p>\n<p>Por favor, n\u00e3o envie a sua compra de volta ao fabricante.<\/p>\n<p>Existem certas situa\u00e7\u00f5es em que apenas s\u00e3o concedidos reembolsos parciais (se aplic\u00e1vel)<br \/>\nLivro com sinais evidentes de utiliza\u00e7\u00e3o<br \/>\nCD, DVD, fita VHS, software, jogo de v\u00eddeo, fita cassete, ou disco de vinil que foi aberto<br \/>\nQualquer item que n\u00e3o esteja no seu estado original, est\u00e1 danificado ou faltam pe\u00e7as por raz\u00f5es que n\u00e3o se devem ao nosso erro<br \/>\nQualquer artigo que seja devolvido mais de 30 dias ap\u00f3s a entrega<\/p>\n<p><strong>Reembolsos (se aplic\u00e1vel)<\/strong><br \/>\nUma vez recebida e inspeccionada a sua devolu\u00e7\u00e3o, enviar-lhe-emos uma mensagem de correio electr\u00f3nico para o notificar de que recebemos o seu artigo devolvido. Iremos tamb\u00e9m notific\u00e1-lo da aprova\u00e7\u00e3o ou rejei\u00e7\u00e3o do seu reembolso.<br \/>\nSe for aprovado, ent\u00e3o o seu reembolso ser\u00e1 processado, e um cr\u00e9dito ser\u00e1 automaticamente aplicado ao seu cart\u00e3o de cr\u00e9dito ou m\u00e9todo original de pagamento, dentro de um certo n\u00famero de dias.<\/p>\n<p><strong>Reembolsos tardios ou em falta (se aplic\u00e1vel)<\/strong><br \/>\nSe ainda n\u00e3o tiver recebido um reembolso, verifique primeiro a sua conta banc\u00e1ria novamente.<br \/>\nDepois contacte a sua empresa de cart\u00f5es de cr\u00e9dito, pode demorar algum tempo at\u00e9 que o seu reembolso seja oficialmente afixado.<br \/>\nA seguir contacte o seu banco. H\u00e1 frequentemente algum tempo de processamento antes de um reembolso ser afixado.<br \/>\nSe fez tudo isto e ainda n\u00e3o recebeu o seu reembolso, por favor contacte-nos em <a href=\"https:\/\/hephzibahsda.com\/#contact\">https:\/\/hephzibahsda.com\/#contact<\/a><\/p>\n<p><strong>Artigos de venda (se aplic\u00e1vel)<\/strong><br \/>\nApenas artigos com pre\u00e7os regulares podem ser reembolsados, infelizmente os artigos de venda n\u00e3o podem ser reembolsados.<\/p>\n<p><strong>Trocas (se aplic\u00e1vel)<\/strong><br \/>\nS\u00f3 substitu\u00edmos artigos se estes estiverem defeituosos ou danificados. Se precisar de o trocar pelo mesmo artigo, envie-nos um e-mail para <a href=\"https:\/\/hephzibahsda.com\/#contact\">https:\/\/hephzibahsda.com\/#contact<\/a> e envie-nos o seu artigo para:<br \/>\nGRAVETHEVISION LLP<br \/>\nRua Shelton, 71-75<br \/>\nCovent Garden<br \/>\nLondres, WC2H 9JQ<br \/>\nReino Unido (Reino Unido)<\/p>\n<p><strong>Presentes<\/strong><br \/>\nSe o artigo foi marcado como presente quando comprado e enviado directamente para si, receber\u00e1 um cr\u00e9dito de presente pelo valor da sua devolu\u00e7\u00e3o. Uma vez recebido o artigo devolvido, um certificado de oferta ser-lhe-\u00e1 enviado por correio.<\/p>\n<p>Se o artigo n\u00e3o tiver sido marcado como presente quando comprado, ou se o doador tiver enviado a encomenda a si pr\u00f3prio para lhe dar mais tarde, enviaremos um reembolso ao doador do presente e ele saber\u00e1 da sua devolu\u00e7\u00e3o.<\/p>\n<p><strong>Expedi\u00e7\u00e3o<\/strong><br \/>\nPara devolver o seu produto, deve enviar o seu produto pelo correio:<br \/>\nGRAVETHEVISION LLP<br \/>\nRua Shelton, 71-75<br \/>\nCovent Garden<br \/>\nLondres, WC2H 9JQ<br \/>\nReino Unido (Reino Unido)<\/p>\n<p><strong>Ser\u00e1 respons\u00e1vel pelo pagamento das suas pr\u00f3prias despesas de transporte para a devolu\u00e7\u00e3o do seu artigo. Os custos de envio n\u00e3o s\u00e3o reembols\u00e1veis. Se receber um reembolso, o custo do transporte de retorno ser\u00e1 deduzido do seu reembolso.<\/strong><\/p>\n<p>Dependendo do local onde vive, o tempo que pode levar para o seu produto trocado chegar at\u00e9 si, pode variar.<\/p>\n<p>Se estiver a enviar um artigo acima de $75, deve considerar a utiliza\u00e7\u00e3o de um servi\u00e7o de transporte rastre\u00e1vel ou a compra de um seguro de transporte. N\u00e3o garantimos que iremos receber o seu artigo devolvido.<\/p>\n","protected":false},"excerpt":{"rendered":"<p>Pol\u00edtica de reembolso da ENGRAVETHEVISION LLP (Empresa Parceira) Devolu\u00e7\u00f5es A nossa pol\u00edtica tem a dura\u00e7\u00e3o de 30 dias. Se j\u00e1 [&hellip;]<\/p>\n","protected":false},"author":1,"featured_media":0,"parent":0,"menu_order":0,"comment_status":"closed","ping_status":"closed","template":"","meta":{"give_campaign_id":0,"_surecart_dashboard_logo_width":"180px","_surecart_dashboard_show_logo":true,"_surecart_dashboard_navigation_orders":true,"_surecart_dashboard_navigation_invoices":true,"_surecart_dashboard_navigation_subscriptions":true,"_surecart_dashboard_navigation_downloads":true,"_surecart_dashboard_navigation_billing":true,"_surecart_dashboard_navigation_account":true,"footnotes":""},"class_list":["post-106997","page","type-page","status-publish","hentry"],"campaignId":"","_links":{"self":[{"href":"https:\/\/hephzibahsda.com\/pt-br\/index.php\/wp-json\/wp\/v2\/pages\/106997","targetHints":{"allow":["GET"]}}],"collection":[{"href":"https:\/\/hephzibahsda.com\/pt-br\/index.php\/wp-json\/wp\/v2\/pages"}],"about":[{"href":"https:\/\/hephzibahsda.com\/pt-br\/index.php\/wp-json\/wp\/v2\/types\/page"}],"author":[{"embeddable":true,"href":"https:\/\/hephzibahsda.com\/pt-br\/index.php\/wp-json\/wp\/v2\/users\/1"}],"replies":[{"embeddable":true,"href":"https:\/\/hephzibahsda.com\/pt-br\/index.php\/wp-json\/wp\/v2\/comments?post=106997"}],"version-history":[{"count":0,"href":"https:\/\/hephzibahsda.com\/pt-br\/index.php\/wp-json\/wp\/v2\/pages\/106997\/revisions"}],"wp:attachment":[{"href":"https:\/\/hephzibahsda.com\/pt-br\/index.php\/wp-json\/wp\/v2\/media?parent=106997"}],"curies":[{"name":"wp","href":"https:\/\/api.w.org\/{rel}","templated":true}]}}