{"id":108109,"date":"2019-08-16T11:58:45","date_gmt":"2019-08-16T11:58:45","guid":{"rendered":"https:\/\/hephzibahsda.com\/index.php\/alternativa-de-loja\/"},"modified":"2022-08-20T04:22:01","modified_gmt":"2022-08-20T04:22:01","slug":"alternativa-de-loja","status":"publish","type":"page","link":"https:\/\/hephzibahsda.com\/pt-br\/index.php\/alternativa-de-loja\/","title":{"rendered":"Alternativa de Loja"},"content":{"rendered":"<p>[vc_row row_height_percent=&#8221;100&#8243; override_padding=&#8221;yes&#8221; h_padding=&#8221;2&#8243; top_padding=&#8221;5&#8243; bottom_padding=&#8221;5&#8243; back_color=&#8221;color-nhtu&#8221; back_image=&#8221;106429&#8243; back_position=&#8221;center bottom&#8221; kburns=&#8221;yes&#8221; overlay_color=&#8221;color-jevc&#8221; overlay_alpha=&#8221;15&#8243; gutter_size=&#8221;3&#8243; column_width_percent=&#8221;100&#8243; shift_y=&#8221;0&#8243; z_index=&#8221;0&#8243; uncode_shortcode_id=&#8221;106981&#8243; back_color_type=&#8221;uncode-palette&#8221; overlay_color_type=&#8221;uncode-palette&#8221;][vc_column column_width_use_pixel=&#8221;yes&#8221; position_vertical=&#8221;middle&#8221; align_horizontal=&#8221;align_center&#8221; gutter_size=&#8221;2&#8243; style=&#8221;dark&#8221; overlay_alpha=&#8221;50&#8243; shift_x=&#8221;0&#8243; shift_y=&#8221;0&#8243; shift_y_down=&#8221;0&#8243; z_index=&#8221;0&#8243; medium_width=&#8221;0&#8243; mobile_width=&#8221;0&#8243; css_animation=&#8221;alpha-anim&#8221; animation_speed=&#8221;1000&#8243; animation_delay=&#8221;200&#8243; parallax_intensity=&#8221;6&#8243; parallax_centered=&#8221;yes&#8221; width=&#8221;1\/1&#8243; uncode_shortcode_id=&#8221;146163&#8243; column_width_pixel=&#8221;900&#8243;][vc_custom_heading text_size=&#8221;&#8221; text_weight=&#8221;400&#8243; text_transform=&#8221;uppercase&#8221; uncode_shortcode_id=&#8221;921828&#8243; text_color_type=&#8221;uncode-palette&#8221; text_color_solid=&#8221;#ff0000&#8243;]<\/p>\n<h1>A alegria de guardar sinais de<br \/>\nO Reino de Deus da Verdade.<\/h1>\n<p>[\/vc_custom_heading][vc_custom_heading text_size=&#8221;&#8221; text_weight=&#8221;400&#8243; uncode_shortcode_id=&#8221;886458&#8243; text_color_type=&#8221;uncode-palette&#8221; text_color_solid=&#8221;#ff0000&#8243;]<\/p>\n<h5>As encomendas feitas \u00e0s sextas-feiras ser\u00e3o processadas ap\u00f3s o S\u00e1bado.<\/h5>\n<p>[\/vc_custom_heading][vc_empty_space empty_h=&#8221;2&#8243; mobile_visibility=&#8221;yes&#8221;][vc_button radius=&#8221;btn-square&#8221; custom_typo=&#8221;yes&#8221; font_family=&#8221;font-136269&#8243; font_weight=&#8221;600&#8243; letter_spacing=&#8221;fontspace-210350&#8243; border_width=&#8221;0&#8243; link=&#8221;url:%23principal|&#8221; uncode_shortcode_id=&#8221;210613&#8243;]DESCOBRIR[\/vc_button][\/vc_column][\/vc_row][vc_row unlock_row_content=&#8221;yes&#8221; row_height_percent=&#8221;0&#8243; override_padding=&#8221;yes&#8221; h_padding=&#8221;0&#8243; top_padding=&#8221;5&#8243; bottom_padding=&#8221;4&#8243; overlay_alpha=&#8221;50&#8243; gutter_size=&#8221;4&#8243; column_width_percent=&#8221;100&#8243; shift_y=&#8221;0&#8243; z_index=&#8221;0&#8243;][vc_column column_width_use_pixel=&#8221;yes&#8221; align_horizontal=&#8221;align_center&#8221; gutter_size=&#8221;2&#8243; overlay_alpha=&#8221;50&#8243; shift_x=&#8221;0&#8243; shift_y=&#8221;0&#8243; shift_y_down=&#8221;0&#8243; z_index=&#8221;0&#8243; medium_width=&#8221;0&#8243; mobile_width=&#8221;0&#8243; width=&#8221;1\/1&#8243; column_width_pixel=&#8221;600&#8243;][vc_custom_heading text_font=&#8221;font-136269&#8243; text_size=&#8221;fontsize-160000&#8243; text_weight=&#8221;400&#8243; text_transform=&#8221;uppercase&#8221; text_space=&#8221;fontspace-135905&#8243; uncode_shortcode_id=&#8221;816559&#8243;]Nova esta\u00e7\u00e3o[\/vc_custom_heading][vc_custom_heading text_font=&#8221;font-136269&#8243; text_size=&#8221;h1&#8243; text_weight=&#8221;400&#8243; text_space=&#8221;fontspace-781688&#8243;]Comprar a colec\u00e7\u00e3o[\/vc_custom_heading][\/vc_column][\/vc_row][vc_row unlock_row_content=&#8221;yes&#8221; row_height_percent=&#8221;0&#8243; override_padding=&#8221;yes&#8221; h_padding=&#8221;0&#8243; top_padding=&#8221;0&#8243; bottom_padding=&#8221;5&#8243; overlay_alpha=&#8221;50&#8243; gutter_size=&#8221;3&#8243; column_width_percent=&#8221;100&#8243; shift_y=&#8221;0&#8243; z_index=&#8221;0&#8243; top_divider=&#8221;step&#8221;][vc_column column_width_percent=&#8221;100&#8243; align_horizontal=&#8221;align_center&#8221; gutter_size=&#8221;4&#8243; font_family=&#8221;font-136269&#8243; overlay_alpha=&#8221;50&#8243; shift_x=&#8221;0&#8243; shift_y=&#8221;0&#8243; shift_y_down=&#8221;0&#8243; z_index=&#8221;0&#8243; medium_width=&#8221;0&#8243; mobile_width=&#8221;0&#8243; width=&#8221;1\/1&#8243; uncode_shortcode_id=&#8221;724829&#8243;][uncode_index el_id=&#8221;index-158498&#8243; index_type=&#8221;carousel&#8221; loop=&#8221;size:4|order_by:date|post_type:product|taxonomy_count:10&#8243; carousel_lg=&#8221;1&#8243; carousel_md=&#8221;1&#8243; carousel_sm=&#8221;1&#8243; thumb_size=&#8221;three-four&#8221; gutter_size=&#8221;4&#8243; product_items=&#8221;title,media|featured|onpost|original|hide-sale|enhanced-atc|auto-w-atc|atc-typo-column|hide-atc,price|inline,wishlist-button,quick-view-button&#8221; carousel_interval=&#8221;0&#8243; carousel_navspeed=&#8221;400&#8243; carousel_loop=&#8221;yes&#8221; carousel_overflow=&#8221;yes&#8221; carousel_dots=&#8221;yes&#8221; carousel_dots_space=&#8221;yes&#8221; carousel_dots_mobile=&#8221;yes&#8221; stage_padding=&#8221;65&#8243; single_overlay_opacity=&#8221;50&#8243; single_overlay_anim=&#8221;no&#8221; single_text_visible=&#8221;yes&#8221; single_text_anim=&#8221;no&#8221; single_image_anim=&#8221;no&#8221; single_h_align=&#8221;center&#8221; single_padding=&#8221;2&#8243; single_title_dimension=&#8221;h5&#8243; single_title_weight=&#8221;400&#8243; single_border=&#8221;yes&#8221; single_css_animation=&#8221;parallax&#8221; single_parallax_intensity=&#8221;1&#8243; single_animation_first=&#8221;yes&#8221; post_matrix=&#8221;matrix&#8221; matrix_amount=&#8221;2&#8243; uncode_shortcode_id=&#8221;186283&#8243; matrix_items=&#8221;eyIxX2kiOnsic2luZ2xlX2Nzc19hbmltYXRpb24iOiJwYXJhbGxheCIsInNpbmdsZV9wYXJhbGxheF9pbnRlbnNpdHkiOiI0In19&#8243;][vc_raw_html]PGNlbnRlcj48cD5TZWxlY2lvbmUgYSBtb2VkYSBkZSBzdWEgZXNjb2xoYSBbd29vX211bHRpX2N1cnJlbmN5XTxwPiA8L2NlbnRlcj4=[\/vc_raw_html][product_category per_page=&#8221;12&#8243; columns=&#8221;4&#8243; orderby=&#8221;menu_order title&#8221; order=&#8221;ASC&#8221; category=&#8221;latest&#8221;][\/vc_column][\/vc_row][vc_row row_height_percent=&#8221;0&#8243; override_padding=&#8221;yes&#8221; h_padding=&#8221;2&#8243; top_padding=&#8221;5&#8243; bottom_padding=&#8221;5&#8243; back_color=&#8221;color-lxmt&#8221; overlay_alpha=&#8221;50&#8243; gutter_size=&#8221;4&#8243; column_width_percent=&#8221;100&#8243; shift_y=&#8221;0&#8243; z_index=&#8221;0&#8243; top_divider=&#8221;step&#8221; bottom_divider=&#8221;step&#8221;][vc_column column_width_percent=&#8221;100&#8243; gutter_size=&#8221;3&#8243; overlay_alpha=&#8221;50&#8243; shift_x=&#8221;0&#8243; shift_y=&#8221;0&#8243; shift_y_down=&#8221;0&#8243; z_index=&#8221;0&#8243; medium_width=&#8221;5&#8243; mobile_width=&#8221;0&#8243; css_animation=&#8221;bottom-t-top&#8221; animation_delay=&#8221;200&#8243; width=&#8221;2\/3&#8243;][vc_single_image media=&#8221;103471&#8243; media_width_percent=&#8221;100&#8243; media_ratio=&#8221;three-two&#8221; uncode_shortcode_id=&#8221;109586&#8243;][\/vc_column][\/vc_row][vc_row unlock_row_content=&#8221;yes&#8221; row_height_percent=&#8221;0&#8243; override_padding=&#8221;yes&#8221; h_padding=&#8221;5&#8243; top_padding=&#8221;5&#8243; bottom_padding=&#8221;5&#8243; overlay_alpha=&#8221;50&#8243; gutter_size=&#8221;3&#8243; column_width_percent=&#8221;100&#8243; shift_y=&#8221;0&#8243; z_index=&#8221;0&#8243;][vc_column column_width_percent=&#8221;100&#8243; align_horizontal=&#8221;align_center&#8221; gutter_size=&#8221;3&#8243; overlay_alpha=&#8221;50&#8243; shift_x=&#8221;0&#8243; shift_y=&#8221;0&#8243; shift_y_down=&#8221;0&#8243; z_index=&#8221;0&#8243; medium_width=&#8221;2&#8243; mobile_width=&#8221;4&#8243; width=&#8221;1\/4&#8243;][vc_icon icon=&#8221;fa fa-shield2&#8243; size=&#8221;fa-3x&#8221; text_font=&#8221;font-136269&#8243; text_size=&#8221;h6&#8243; text_weight=&#8221;500&#8243; title=&#8221;Pagamentos seguros&#8221;][\/vc_icon][\/vc_column][vc_column column_width_percent=&#8221;100&#8243; align_horizontal=&#8221;align_center&#8221; gutter_size=&#8221;3&#8243; overlay_alpha=&#8221;50&#8243; shift_x=&#8221;0&#8243; shift_y=&#8221;0&#8243; shift_y_down=&#8221;0&#8243; z_index=&#8221;0&#8243; medium_width=&#8221;2&#8243; mobile_width=&#8221;4&#8243; width=&#8221;1\/4&#8243;][vc_icon icon=&#8221;fa fa-alarmclock&#8221; size=&#8221;fa-3x&#8221; text_font=&#8221;font-136269&#8243; text_size=&#8221;h6&#8243; text_weight=&#8221;500&#8243; title=&#8221;Envio em 24h&#8221;][\/vc_icon][\/vc_column][vc_column column_width_percent=&#8221;100&#8243; align_horizontal=&#8221;align_center&#8221; gutter_size=&#8221;3&#8243; overlay_alpha=&#8221;50&#8243; shift_x=&#8221;0&#8243; shift_y=&#8221;0&#8243; shift_y_down=&#8221;0&#8243; z_index=&#8221;0&#8243; medium_width=&#8221;2&#8243; mobile_width=&#8221;4&#8243; width=&#8221;1\/4&#8243;][vc_icon icon=&#8221;fa fa-hotairballoon&#8221; size=&#8221;fa-3x&#8221; text_font=&#8221;font-136269&#8243; text_size=&#8221;h6&#8243; text_weight=&#8221;500&#8243; title=&#8221;Custos de transporte competitivos&#8221; uncode_shortcode_id=&#8221;213976&#8243;][\/vc_icon][\/vc_column][vc_column column_width_percent=&#8221;100&#8243; align_horizontal=&#8221;align_center&#8221; gutter_size=&#8221;3&#8243; overlay_alpha=&#8221;50&#8243; shift_x=&#8221;0&#8243; shift_y=&#8221;0&#8243; shift_y_down=&#8221;0&#8243; z_index=&#8221;0&#8243; medium_width=&#8221;2&#8243; mobile_width=&#8221;4&#8243; width=&#8221;1\/4&#8243;][vc_icon icon=&#8221;fa fa-global&#8221; size=&#8221;fa-3x&#8221; text_font=&#8221;font-136269&#8243; text_size=&#8221;h6&#8243; text_weight=&#8221;500&#8243; title=&#8221;Entrega internacional&#8221;][\/vc_icon][\/vc_column][\/vc_row]<\/p>\n","protected":false},"excerpt":{"rendered":"<p>[vc_row row_height_percent=&#8221;100&#8243; override_padding=&#8221;yes&#8221; h_padding=&#8221;2&#8243; top_padding=&#8221;5&#8243; bottom_padding=&#8221;5&#8243; back_color=&#8221;color-nhtu&#8221; back_image=&#8221;106429&#8243; back_position=&#8221;center bottom&#8221; kburns=&#8221;yes&#8221; overlay_color=&#8221;color-jevc&#8221; overlay_alpha=&#8221;15&#8243; gutter_size=&#8221;3&#8243; column_width_percent=&#8221;100&#8243; shift_y=&#8221;0&#8243; z_index=&#8221;0&#8243; uncode_shortcode_id=&#8221;106981&#8243; back_color_type=&#8221;uncode-palette&#8221; overlay_color_type=&#8221;uncode-palette&#8221;][vc_column [&hellip;]<\/p>\n","protected":false},"author":1,"featured_media":99623,"parent":0,"menu_order":0,"comment_status":"closed","ping_status":"closed","template":"","meta":{"give_campaign_id":0,"_surecart_dashboard_logo_width":"180px","_surecart_dashboard_show_logo":true,"_surecart_dashboard_navigation_orders":true,"_surecart_dashboard_navigation_invoices":true,"_surecart_dashboard_navigation_subscriptions":true,"_surecart_dashboard_navigation_downloads":true,"_surecart_dashboard_navigation_billing":true,"_surecart_dashboard_navigation_account":true,"footnotes":""},"class_list":["post-108109","page","type-page","status-publish","has-post-thumbnail","hentry","page_category-comprar"],"campaignId":"","_links":{"self":[{"href":"https:\/\/hephzibahsda.com\/pt-br\/index.php\/wp-json\/wp\/v2\/pages\/108109","targetHints":{"allow":["GET"]}}],"collection":[{"href":"https:\/\/hephzibahsda.com\/pt-br\/index.php\/wp-json\/wp\/v2\/pages"}],"about":[{"href":"https:\/\/hephzibahsda.com\/pt-br\/index.php\/wp-json\/wp\/v2\/types\/page"}],"author":[{"embeddable":true,"href":"https:\/\/hephzibahsda.com\/pt-br\/index.php\/wp-json\/wp\/v2\/users\/1"}],"replies":[{"embeddable":true,"href":"https:\/\/hephzibahsda.com\/pt-br\/index.php\/wp-json\/wp\/v2\/comments?post=108109"}],"version-history":[{"count":2,"href":"https:\/\/hephzibahsda.com\/pt-br\/index.php\/wp-json\/wp\/v2\/pages\/108109\/revisions"}],"predecessor-version":[{"id":108111,"href":"https:\/\/hephzibahsda.com\/pt-br\/index.php\/wp-json\/wp\/v2\/pages\/108109\/revisions\/108111"}],"wp:featuredmedia":[{"embeddable":true,"href":"https:\/\/hephzibahsda.com\/pt-br\/index.php\/wp-json\/wp\/v2\/media\/99623"}],"wp:attachment":[{"href":"https:\/\/hephzibahsda.com\/pt-br\/index.php\/wp-json\/wp\/v2\/media?parent=108109"}],"curies":[{"name":"wp","href":"https:\/\/api.w.org\/{rel}","templated":true}]}}